{"id":36450,"date":"2026-01-27T17:12:54","date_gmt":"2026-01-27T17:12:54","guid":{"rendered":"https:\/\/www.deporteseli.com\/?product=camiseta-designed-2-move-seasonal"},"modified":"2026-01-27T17:12:56","modified_gmt":"2026-01-27T17:12:56","slug":"camiseta-designed-2-move-seasonal","status":"publish","type":"product","link":"https:\/\/www.deporteseli.com\/?product=camiseta-designed-2-move-seasonal","title":{"rendered":"CAMISETA DESIGNED 2 MOVE SEASONAL"},"content":{"rendered":"<p>CAMISETA DESIGNED 2 MOVE SEASONAL  LA SENCILLEZ DE LO AUT\u00c9NTICO  Esta camiseta para j\u00f3venes deportistas se adapta a todo lo que te depara el d\u00eda. Su silueta cuadrada y el largo por encima de la cintura te proporcionan la cobertura y libertad de movimiento que necesitas. El logotipo de adidas en el pecho remata este look de inspiraci\u00f3n deportiva.    Este producto se ha fabricado con Primegreen, una combinaci\u00f3n de materiales reciclados de alto rendimiento.  DETALLES  Corte ajustado  Cuello redondo  Interlock 100% poli\u00e9ster reciclado  Tejido transpirable  Manga ragl\u00e1n  Silueta cuadrada  Largo por encima de la cintura  Dise\u00f1o con bloques de color  Primegreen  Color del art\u00edculo: Violet Tone \/ Orbit Violet \/ Legend Ink  N\u00famero de art\u00edculo: GT1414                                                                                                                                                                                                                                                                                                                                                                                                                                                                                                                                                                                                                                                                                                                                                                                                                                                                                                                                                                                                                                        <\/p>\n","protected":false},"excerpt":{"rendered":"<p>CAMISETA DESIGNED 2 MOVE SEASONAL<\/p>\n","protected":false},"featured_media":51065,"template":"","meta":[],"product_brand":[],"product_cat":[376],"product_tag":[18],"class_list":{"0":"post-36450","1":"product","2":"type-product","3":"status-publish","4":"has-post-thumbnail","6":"product_cat-ninas_textil_camisetas","7":"product_tag-adidas","8":"pa_color-unico","9":"pa_talla-t-16","10":"thunk-woo-product-list","11":"opn-qv-enable","12":"open-woo-hover-","13":"open-single-product-tab-horizontal","14":"open-shadow-","15":"open-shadow-hover-","17":"first","18":"instock","19":"shipping-taxable","20":"purchasable","21":"product-type-variable"},"jetpack_sharing_enabled":true,"_links":{"self":[{"href":"https:\/\/www.deporteseli.com\/index.php?rest_route=\/wp\/v2\/product\/36450","targetHints":{"allow":["GET"]}}],"collection":[{"href":"https:\/\/www.deporteseli.com\/index.php?rest_route=\/wp\/v2\/product"}],"about":[{"href":"https:\/\/www.deporteseli.com\/index.php?rest_route=\/wp\/v2\/types\/product"}],"wp:featuredmedia":[{"embeddable":true,"href":"https:\/\/www.deporteseli.com\/index.php?rest_route=\/wp\/v2\/media\/51065"}],"wp:attachment":[{"href":"https:\/\/www.deporteseli.com\/index.php?rest_route=%2Fwp%2Fv2%2Fmedia&parent=36450"}],"wp:term":[{"taxonomy":"product_brand","embeddable":true,"href":"https:\/\/www.deporteseli.com\/index.php?rest_route=%2Fwp%2Fv2%2Fproduct_brand&post=36450"},{"taxonomy":"product_cat","embeddable":true,"href":"https:\/\/www.deporteseli.com\/index.php?rest_route=%2Fwp%2Fv2%2Fproduct_cat&post=36450"},{"taxonomy":"product_tag","embeddable":true,"href":"https:\/\/www.deporteseli.com\/index.php?rest_route=%2Fwp%2Fv2%2Fproduct_tag&post=36450"}],"curies":[{"name":"wp","href":"https:\/\/api.w.org\/{rel}","templated":true}]}}