{"id":36429,"date":"2026-01-27T17:12:29","date_gmt":"2026-01-27T17:12:29","guid":{"rendered":"https:\/\/www.deporteseli.com\/?product=chandal-mujer-torch-blanco"},"modified":"2026-01-27T17:12:31","modified_gmt":"2026-01-27T17:12:31","slug":"chandal-mujer-torch-blanco","status":"publish","type":"product","link":"https:\/\/www.deporteseli.com\/?product=chandal-mujer-torch-blanco","title":{"rendered":"CH\u00e1NDAL MUJER TORCH BLANCO"},"content":{"rendered":"<p>Ch\u00e1ndal para mujer en color blanco. Este ch\u00e1ndal est\u00e1 fabricado en tejido resistente y ligero.    La chaqueta es muy confortable gracias a su tejido. Cuenta con dos bolsillos laterales con cremallera.    El pantal\u00f3n negro tiene el\u00e1stico en cintura con cord\u00f3n ajustable y dos bolsillos laterales.    FABRICACI\u00d3N: 95% Poli\u00e9ster, 5% Spandex                                                                                                                                                                                                                                                                                                                                                                                                                                                                                                                                                                                                                                                                                                                                                                                                                                                                                                                                                                                                                                        <\/p>\n","protected":false},"excerpt":{"rendered":"<p>CH\u00e1NDAL MUJER TORCH BLANCO<\/p>\n","protected":false},"featured_media":51050,"template":"","meta":[],"product_brand":[],"product_cat":[273],"product_tag":[],"class_list":{"0":"post-36429","1":"product","2":"type-product","3":"status-publish","4":"has-post-thumbnail","6":"product_cat-mujer_textil_chandals","7":"pa_color-unico","8":"pa_talla-s","9":"thunk-woo-product-list","10":"opn-qv-enable","11":"open-woo-hover-","12":"open-single-product-tab-horizontal","13":"open-shadow-","14":"open-shadow-hover-","16":"first","17":"instock","18":"shipping-taxable","19":"purchasable","20":"product-type-variable"},"jetpack_sharing_enabled":true,"_links":{"self":[{"href":"https:\/\/www.deporteseli.com\/index.php?rest_route=\/wp\/v2\/product\/36429","targetHints":{"allow":["GET"]}}],"collection":[{"href":"https:\/\/www.deporteseli.com\/index.php?rest_route=\/wp\/v2\/product"}],"about":[{"href":"https:\/\/www.deporteseli.com\/index.php?rest_route=\/wp\/v2\/types\/product"}],"wp:featuredmedia":[{"embeddable":true,"href":"https:\/\/www.deporteseli.com\/index.php?rest_route=\/wp\/v2\/media\/51050"}],"wp:attachment":[{"href":"https:\/\/www.deporteseli.com\/index.php?rest_route=%2Fwp%2Fv2%2Fmedia&parent=36429"}],"wp:term":[{"taxonomy":"product_brand","embeddable":true,"href":"https:\/\/www.deporteseli.com\/index.php?rest_route=%2Fwp%2Fv2%2Fproduct_brand&post=36429"},{"taxonomy":"product_cat","embeddable":true,"href":"https:\/\/www.deporteseli.com\/index.php?rest_route=%2Fwp%2Fv2%2Fproduct_cat&post=36429"},{"taxonomy":"product_tag","embeddable":true,"href":"https:\/\/www.deporteseli.com\/index.php?rest_route=%2Fwp%2Fv2%2Fproduct_tag&post=36429"}],"curies":[{"name":"wp","href":"https:\/\/api.w.org\/{rel}","templated":true}]}}