{"id":36422,"date":"2026-01-27T17:12:20","date_gmt":"2026-01-27T17:12:20","guid":{"rendered":"https:\/\/www.deporteseli.com\/?product=sudadera-nino-jump-zone-gris"},"modified":"2026-01-27T17:12:21","modified_gmt":"2026-01-27T17:12:21","slug":"sudadera-nino-jump-zone-gris","status":"publish","type":"product","link":"https:\/\/www.deporteseli.com\/?product=sudadera-nino-jump-zone-gris","title":{"rendered":"SUDADERA NI\u00f1O JUMP ZONE GRIS"},"content":{"rendered":"<p>Sudadera para ni\u00f1o en color gris con detalles negros, fabricado en tejido resistente y detalles en manga y trasera.    La prenda tiene el\u00e1stico en pu\u00f1o y cinturilla para un mayor ajuste, adem\u00e1s de capucha ajustable.    La sudadera es muy c\u00f3moda y tiene dos bolsillos laterales con cremallera.    FABRICACI\u00d3N: 95% Poli\u00e9ster, 5% Spandex                                                                                                                                                                                                                                                                                                                                                                                                                                                                                                                                                                                                                                                                                                                                                                                                                                                                                                                                                                                                                                        <\/p>\n","protected":false},"excerpt":{"rendered":"<p>SUDADERA NI\u00f1O JUMP ZONE GRIS<\/p>\n","protected":false},"featured_media":51047,"template":"","meta":[],"product_brand":[],"product_cat":[302],"product_tag":[],"class_list":{"0":"post-36422","1":"product","2":"type-product","3":"status-publish","4":"has-post-thumbnail","6":"product_cat-nino_textil_sudaderas","7":"pa_color-unico","8":"pa_talla-t-10","9":"thunk-woo-product-list","10":"opn-qv-enable","11":"open-woo-hover-","12":"open-single-product-tab-horizontal","13":"open-shadow-","14":"open-shadow-hover-","16":"first","17":"instock","18":"shipping-taxable","19":"purchasable","20":"product-type-variable"},"jetpack_sharing_enabled":true,"_links":{"self":[{"href":"https:\/\/www.deporteseli.com\/index.php?rest_route=\/wp\/v2\/product\/36422","targetHints":{"allow":["GET"]}}],"collection":[{"href":"https:\/\/www.deporteseli.com\/index.php?rest_route=\/wp\/v2\/product"}],"about":[{"href":"https:\/\/www.deporteseli.com\/index.php?rest_route=\/wp\/v2\/types\/product"}],"wp:featuredmedia":[{"embeddable":true,"href":"https:\/\/www.deporteseli.com\/index.php?rest_route=\/wp\/v2\/media\/51047"}],"wp:attachment":[{"href":"https:\/\/www.deporteseli.com\/index.php?rest_route=%2Fwp%2Fv2%2Fmedia&parent=36422"}],"wp:term":[{"taxonomy":"product_brand","embeddable":true,"href":"https:\/\/www.deporteseli.com\/index.php?rest_route=%2Fwp%2Fv2%2Fproduct_brand&post=36422"},{"taxonomy":"product_cat","embeddable":true,"href":"https:\/\/www.deporteseli.com\/index.php?rest_route=%2Fwp%2Fv2%2Fproduct_cat&post=36422"},{"taxonomy":"product_tag","embeddable":true,"href":"https:\/\/www.deporteseli.com\/index.php?rest_route=%2Fwp%2Fv2%2Fproduct_tag&post=36422"}],"curies":[{"name":"wp","href":"https:\/\/api.w.org\/{rel}","templated":true}]}}