{"id":36418,"date":"2026-01-27T17:12:15","date_gmt":"2026-01-27T17:12:15","guid":{"rendered":"https:\/\/www.deporteseli.com\/?product=power-youth-sudadera-con-capucha"},"modified":"2026-01-27T17:12:19","modified_gmt":"2026-01-27T17:12:19","slug":"power-youth-sudadera-con-capucha","status":"publish","type":"product","link":"https:\/\/www.deporteseli.com\/?product=power-youth-sudadera-con-capucha","title":{"rendered":"POWER YOUTH SUDADERA CON CAPUCHA"},"content":{"rendered":"<p>DETALLE DEL ART\u00cdCULO  composici\u00f3n: 66% algod\u00f3n, 34% poli\u00e9ster  color: negro, blanco  descripci\u00f3n: sudadera de corte suave, con estampado de goma en las mangas y pespuntes en contraste.  Pr\u00e1ctico para tu tiempo libre, con bajo y pu\u00f1os el\u00e1sticos de canal\u00e9.   No te pierdas una prenda tan vers\u00e1til como esta!                                                                                                                                                                                                                                                                                                                                                                                                                                                                                                                                                                                                                                                                                                                                                                                                                                                                                                                                                                                                                                        <\/p>\n","protected":false},"excerpt":{"rendered":"<p>POWER YOUTH SUDADERA CON CAPUCHA<\/p>\n","protected":false},"featured_media":51045,"template":"","meta":[],"product_brand":[],"product_cat":[384],"product_tag":[32],"class_list":{"0":"post-36418","1":"product","2":"type-product","3":"status-publish","4":"has-post-thumbnail","6":"product_cat-ninas_textil_sudaderas","7":"product_tag-puma","8":"pa_color-unico","9":"pa_talla-t-10","10":"pa_talla-t-14","11":"pa_talla-t-16","12":"thunk-woo-product-list","13":"opn-qv-enable","14":"open-woo-hover-","15":"open-single-product-tab-horizontal","16":"open-shadow-","17":"open-shadow-hover-","19":"first","20":"instock","21":"shipping-taxable","22":"purchasable","23":"product-type-variable"},"jetpack_sharing_enabled":true,"_links":{"self":[{"href":"https:\/\/www.deporteseli.com\/index.php?rest_route=\/wp\/v2\/product\/36418","targetHints":{"allow":["GET"]}}],"collection":[{"href":"https:\/\/www.deporteseli.com\/index.php?rest_route=\/wp\/v2\/product"}],"about":[{"href":"https:\/\/www.deporteseli.com\/index.php?rest_route=\/wp\/v2\/types\/product"}],"wp:featuredmedia":[{"embeddable":true,"href":"https:\/\/www.deporteseli.com\/index.php?rest_route=\/wp\/v2\/media\/51045"}],"wp:attachment":[{"href":"https:\/\/www.deporteseli.com\/index.php?rest_route=%2Fwp%2Fv2%2Fmedia&parent=36418"}],"wp:term":[{"taxonomy":"product_brand","embeddable":true,"href":"https:\/\/www.deporteseli.com\/index.php?rest_route=%2Fwp%2Fv2%2Fproduct_brand&post=36418"},{"taxonomy":"product_cat","embeddable":true,"href":"https:\/\/www.deporteseli.com\/index.php?rest_route=%2Fwp%2Fv2%2Fproduct_cat&post=36418"},{"taxonomy":"product_tag","embeddable":true,"href":"https:\/\/www.deporteseli.com\/index.php?rest_route=%2Fwp%2Fv2%2Fproduct_tag&post=36418"}],"curies":[{"name":"wp","href":"https:\/\/api.w.org\/{rel}","templated":true}]}}