{"id":36404,"date":"2026-01-27T17:11:56","date_gmt":"2026-01-27T17:11:56","guid":{"rendered":"https:\/\/www.deporteseli.com\/?product=sudadera-bullpadel-ladyar-jr-fuego"},"modified":"2026-02-16T07:43:50","modified_gmt":"2026-02-16T07:43:50","slug":"sudadera-bullpadel-ladyar-jr-fuego","status":"publish","type":"product","link":"https:\/\/www.deporteseli.com\/?product=sudadera-bullpadel-ladyar-jr-fuego","title":{"rendered":"SUDADERA BULLPADEL LADYAR JR FUEGO"},"content":{"rendered":"<p>Tejido principal: 95% poli\u00e9ster y 5% elast\u00e1n.  Tejido t\u00e9cnico: Termalflex.  Acabado interlock backside brushed.  Capucha integrada.  Colores: fuego.                                                                                                                                                                                                                                                                                                                                                                                                                                                                                                                                                                                                                                                                                                                                                                                                                                                                                                                                                                                                                                        <\/p>\n","protected":false},"excerpt":{"rendered":"<p>SUDADERA BULLPADEL LADYAR JR FUEGO<\/p>\n","protected":false},"featured_media":51033,"template":"","meta":[],"product_brand":[],"product_cat":[368],"product_tag":[21],"class_list":{"0":"post-36404","1":"product","2":"type-product","3":"status-publish","4":"has-post-thumbnail","6":"product_cat-padel_y_tenis_textil_sudaderas","7":"product_tag-bull_padel","8":"pa_color-unico","9":"pa_talla-t-10","10":"pa_talla-t-12","11":"pa_talla-t-14","12":"pa_talla-t-16","13":"thunk-woo-product-list","14":"opn-qv-enable","15":"open-woo-hover-","16":"open-single-product-tab-horizontal","17":"open-shadow-","18":"open-shadow-hover-","20":"first","21":"instock","22":"shipping-taxable","23":"purchasable","24":"product-type-variable"},"jetpack_sharing_enabled":true,"_links":{"self":[{"href":"https:\/\/www.deporteseli.com\/index.php?rest_route=\/wp\/v2\/product\/36404","targetHints":{"allow":["GET"]}}],"collection":[{"href":"https:\/\/www.deporteseli.com\/index.php?rest_route=\/wp\/v2\/product"}],"about":[{"href":"https:\/\/www.deporteseli.com\/index.php?rest_route=\/wp\/v2\/types\/product"}],"wp:featuredmedia":[{"embeddable":true,"href":"https:\/\/www.deporteseli.com\/index.php?rest_route=\/wp\/v2\/media\/51033"}],"wp:attachment":[{"href":"https:\/\/www.deporteseli.com\/index.php?rest_route=%2Fwp%2Fv2%2Fmedia&parent=36404"}],"wp:term":[{"taxonomy":"product_brand","embeddable":true,"href":"https:\/\/www.deporteseli.com\/index.php?rest_route=%2Fwp%2Fv2%2Fproduct_brand&post=36404"},{"taxonomy":"product_cat","embeddable":true,"href":"https:\/\/www.deporteseli.com\/index.php?rest_route=%2Fwp%2Fv2%2Fproduct_cat&post=36404"},{"taxonomy":"product_tag","embeddable":true,"href":"https:\/\/www.deporteseli.com\/index.php?rest_route=%2Fwp%2Fv2%2Fproduct_tag&post=36404"}],"curies":[{"name":"wp","href":"https:\/\/api.w.org\/{rel}","templated":true}]}}