{"id":36378,"date":"2026-01-27T17:11:21","date_gmt":"2026-01-27T17:11:21","guid":{"rendered":"https:\/\/www.deporteseli.com\/?product=camiseta-extragrande-con-logo-script"},"modified":"2026-01-27T17:11:22","modified_gmt":"2026-01-27T17:11:22","slug":"camiseta-extragrande-con-logo-script","status":"publish","type":"product","link":"https:\/\/www.deporteseli.com\/?product=camiseta-extragrande-con-logo-script","title":{"rendered":"CAMISETA EXTRAGRANDE CON LOGO SCRIPT"},"content":{"rendered":"<p>Con un corte extragrande para un estilo relajado, esta camiseta de punto de algod\u00f3n tiene una transferencia del logo en el pecho.  Manga corta  Cuello redondo  Transferencia de calor con el logo de la escritura al pecho  C logo estampado en la manga  Ajuste de gran tama\u00f1o  Jersey de algod\u00f3n 150gsm  100% algod\u00f3n                                                                                                                                                                                                                                                                                                                                                                                                                                                                                                                                                                                                                                                                                                                                                                                                                                                                                                                                                                                                                                        <\/p>\n","protected":false},"excerpt":{"rendered":"<p>CAMISETA EXTRAGRANDE CON LOGO SCRIPT<\/p>\n","protected":false},"featured_media":51032,"template":"","meta":[],"product_brand":[],"product_cat":[269],"product_tag":[51],"class_list":{"0":"post-36378","1":"product","2":"type-product","3":"status-publish","4":"has-post-thumbnail","6":"product_cat-mujer_textil_camisetas","7":"product_tag-champion","8":"pa_color-unico","9":"pa_talla-l","10":"thunk-woo-product-list","11":"opn-qv-enable","12":"open-woo-hover-","13":"open-single-product-tab-horizontal","14":"open-shadow-","15":"open-shadow-hover-","17":"first","18":"instock","19":"shipping-taxable","20":"purchasable","21":"product-type-variable"},"jetpack_sharing_enabled":true,"_links":{"self":[{"href":"https:\/\/www.deporteseli.com\/index.php?rest_route=\/wp\/v2\/product\/36378","targetHints":{"allow":["GET"]}}],"collection":[{"href":"https:\/\/www.deporteseli.com\/index.php?rest_route=\/wp\/v2\/product"}],"about":[{"href":"https:\/\/www.deporteseli.com\/index.php?rest_route=\/wp\/v2\/types\/product"}],"wp:featuredmedia":[{"embeddable":true,"href":"https:\/\/www.deporteseli.com\/index.php?rest_route=\/wp\/v2\/media\/51032"}],"wp:attachment":[{"href":"https:\/\/www.deporteseli.com\/index.php?rest_route=%2Fwp%2Fv2%2Fmedia&parent=36378"}],"wp:term":[{"taxonomy":"product_brand","embeddable":true,"href":"https:\/\/www.deporteseli.com\/index.php?rest_route=%2Fwp%2Fv2%2Fproduct_brand&post=36378"},{"taxonomy":"product_cat","embeddable":true,"href":"https:\/\/www.deporteseli.com\/index.php?rest_route=%2Fwp%2Fv2%2Fproduct_cat&post=36378"},{"taxonomy":"product_tag","embeddable":true,"href":"https:\/\/www.deporteseli.com\/index.php?rest_route=%2Fwp%2Fv2%2Fproduct_tag&post=36378"}],"curies":[{"name":"wp","href":"https:\/\/api.w.org\/{rel}","templated":true}]}}