{"id":36374,"date":"2026-01-27T17:11:15","date_gmt":"2026-01-27T17:11:15","guid":{"rendered":"https:\/\/www.deporteseli.com\/?product=frasco-adidas-performance-0-5-l"},"modified":"2026-01-27T17:11:17","modified_gmt":"2026-01-27T17:11:17","slug":"frasco-adidas-performance-0-5-l","status":"publish","type":"product","link":"https:\/\/www.deporteseli.com\/?product=frasco-adidas-performance-0-5-l","title":{"rendered":"FRASCO ADIDAS PERFORMANCE 0.5 L"},"content":{"rendered":"<p>Frasco adidas Performance .5 L  Mantenerse hidratado no deber\u00eda ser dif\u00edcil. S\u00f3lo tienes que coger tu Performance Flask adidas, llenarlo, beber el agua y volver a empezar. Su amplia apertura facilita la adici\u00f3n de cubitos de hielo. L\u00e1velo en la lavadora despu\u00e9s de cada uso, y estar\u00e1 listo.    Una botella de agua sin BPA con un dise\u00f1o f\u00e1cil de rellenar.  Tap\u00f3n desenroscable de boca ancha.  Se puede lavar a m\u00e1quina.  Volumen:0.5L.  100% TPU moldeado por inyecci\u00f3n.  Botella sin BPA.  Ca\u00f1o de TPU.                                                                                                                                                                                                                                                                                                                                                                                                                                                                                                                                                                                                                                                                                                                                                                                                                                                                                                                                                                                                                                        <\/p>\n","protected":false},"excerpt":{"rendered":"<p>FRASCO ADIDAS PERFORMANCE 0.5 L<\/p>\n","protected":false},"featured_media":51026,"template":"","meta":[],"product_brand":[],"product_cat":[409],"product_tag":[18],"class_list":{"0":"post-36374","1":"product","2":"type-product","3":"status-publish","4":"has-post-thumbnail","6":"product_cat-accesorios_botellas","7":"product_tag-adidas","8":"pa_color-unico","9":"pa_talla-unica","10":"thunk-woo-product-list","11":"opn-qv-enable","12":"open-woo-hover-","13":"open-single-product-tab-horizontal","14":"open-shadow-","15":"open-shadow-hover-","17":"first","18":"instock","19":"shipping-taxable","20":"purchasable","21":"product-type-variable"},"jetpack_sharing_enabled":true,"_links":{"self":[{"href":"https:\/\/www.deporteseli.com\/index.php?rest_route=\/wp\/v2\/product\/36374","targetHints":{"allow":["GET"]}}],"collection":[{"href":"https:\/\/www.deporteseli.com\/index.php?rest_route=\/wp\/v2\/product"}],"about":[{"href":"https:\/\/www.deporteseli.com\/index.php?rest_route=\/wp\/v2\/types\/product"}],"wp:featuredmedia":[{"embeddable":true,"href":"https:\/\/www.deporteseli.com\/index.php?rest_route=\/wp\/v2\/media\/51026"}],"wp:attachment":[{"href":"https:\/\/www.deporteseli.com\/index.php?rest_route=%2Fwp%2Fv2%2Fmedia&parent=36374"}],"wp:term":[{"taxonomy":"product_brand","embeddable":true,"href":"https:\/\/www.deporteseli.com\/index.php?rest_route=%2Fwp%2Fv2%2Fproduct_brand&post=36374"},{"taxonomy":"product_cat","embeddable":true,"href":"https:\/\/www.deporteseli.com\/index.php?rest_route=%2Fwp%2Fv2%2Fproduct_cat&post=36374"},{"taxonomy":"product_tag","embeddable":true,"href":"https:\/\/www.deporteseli.com\/index.php?rest_route=%2Fwp%2Fv2%2Fproduct_tag&post=36374"}],"curies":[{"name":"wp","href":"https:\/\/api.w.org\/{rel}","templated":true}]}}