{"id":36372,"date":"2026-01-27T17:11:13","date_gmt":"2026-01-27T17:11:13","guid":{"rendered":"https:\/\/www.deporteseli.com\/?product=sudadera-essentials-french-terry-linear-logo"},"modified":"2026-01-27T17:11:14","modified_gmt":"2026-01-27T17:11:14","slug":"sudadera-essentials-french-terry-linear-logo","status":"publish","type":"product","link":"https:\/\/www.deporteseli.com\/?product=sudadera-essentials-french-terry-linear-logo","title":{"rendered":"SUDADERA ESSENTIALS FRENCH TERRY LINEAR LOGO"},"content":{"rendered":"<p>SUDADERA ESSENTIALS FRENCH TERRY LINEAR LOGO  C\u00d3MODA Y SOFISTICADA  El confort no est\u00e1 re\u00f1ido con la calidad. En esta sudadera encontrar\u00e1s ambos. Se ha confeccionado en felpa suave que te envuelve en comodidad cada vez que te la pones. Los pu\u00f1os y el dobladillo de canal\u00e9 le aportan elegancia y resistencia.    Este producto se ha confeccionado con material reciclado como parte de nuestro compromiso por acabar con los residuos pl\u00e1sticos. Nuestros productos de algod\u00f3n se han fabricado de forma sostenible.  DETALLES  Corte cl\u00e1sico  Capucha con cord\u00f3n ajustable  Felpa 53% algod\u00f3n \/ 36% poli\u00e9ster reciclado \/ 11% viscosa  Tacto suave  Bolsillo canguro  Pu\u00f1os y dobladillo de canal\u00e9  Color del art\u00edculo: Legend Ink \/ White  N\u00famero de art\u00edculo: GK9066                                                                                                                                                                                                                                                                                                                                                                                                                                                                                                                                                                                                                                                                                                                                                                                                                                                                                                                                                                                                                                        <\/p>\n","protected":false},"excerpt":{"rendered":"<p>SUDADERA ESSENTIALS FRENCH TERRY LINEAR LOGO<\/p>\n","protected":false},"featured_media":51023,"template":"","meta":[],"product_brand":[],"product_cat":[253],"product_tag":[18],"class_list":{"0":"post-36372","1":"product","2":"type-product","3":"status-publish","4":"has-post-thumbnail","6":"product_cat-hombre_textil_sudaderas","7":"product_tag-adidas","8":"pa_color-unico","9":"pa_talla-m","10":"thunk-woo-product-list","11":"opn-qv-enable","12":"open-woo-hover-","13":"open-single-product-tab-horizontal","14":"open-shadow-","15":"open-shadow-hover-","17":"first","18":"instock","19":"shipping-taxable","20":"purchasable","21":"product-type-variable"},"jetpack_sharing_enabled":true,"_links":{"self":[{"href":"https:\/\/www.deporteseli.com\/index.php?rest_route=\/wp\/v2\/product\/36372","targetHints":{"allow":["GET"]}}],"collection":[{"href":"https:\/\/www.deporteseli.com\/index.php?rest_route=\/wp\/v2\/product"}],"about":[{"href":"https:\/\/www.deporteseli.com\/index.php?rest_route=\/wp\/v2\/types\/product"}],"wp:featuredmedia":[{"embeddable":true,"href":"https:\/\/www.deporteseli.com\/index.php?rest_route=\/wp\/v2\/media\/51023"}],"wp:attachment":[{"href":"https:\/\/www.deporteseli.com\/index.php?rest_route=%2Fwp%2Fv2%2Fmedia&parent=36372"}],"wp:term":[{"taxonomy":"product_brand","embeddable":true,"href":"https:\/\/www.deporteseli.com\/index.php?rest_route=%2Fwp%2Fv2%2Fproduct_brand&post=36372"},{"taxonomy":"product_cat","embeddable":true,"href":"https:\/\/www.deporteseli.com\/index.php?rest_route=%2Fwp%2Fv2%2Fproduct_cat&post=36372"},{"taxonomy":"product_tag","embeddable":true,"href":"https:\/\/www.deporteseli.com\/index.php?rest_route=%2Fwp%2Fv2%2Fproduct_tag&post=36372"}],"curies":[{"name":"wp","href":"https:\/\/api.w.org\/{rel}","templated":true}]}}