{"id":36370,"date":"2026-01-27T17:11:10","date_gmt":"2026-01-27T17:11:10","guid":{"rendered":"https:\/\/www.deporteseli.com\/?product=nike-sportswear-essential-legging"},"modified":"2026-01-27T17:11:12","modified_gmt":"2026-01-27T17:11:12","slug":"nike-sportswear-essential-legging","status":"publish","type":"product","link":"https:\/\/www.deporteseli.com\/?product=nike-sportswear-essential-legging","title":{"rendered":"NIKE SPORTSWEAR ESSENTIAL LEGGING"},"content":{"rendered":"<p>ESTILO Y LA COMODIDAD DE SIEMPRE. AJUSTE M\u00c1S CORTO.      Los leggings de 7\/8 Nike Sportswear Essential son perfectos para hacer destacar las zapatillas. El sencillo logotipo Swoosh en el tobillo mejora el look, y la cintura el\u00e1stica proporciona un ajuste c\u00f3modo y ce\u00f1ido.      Comodidad y capilarizaci\u00f3n del sudor    El tejido suave y el\u00e1stico capil\u00b7laritza sudor para mantener la frescura y la transpirabilidad durante todo el d\u00eda.      Dise\u00f1o de cintura media    El dise\u00f1o de cintura media anat\u00f3mica proporciona un ajuste c\u00f3modo que queda por debajo del ombligo.      cintura el\u00e1stica    La cintura el\u00e1stica proporciona un ajuste ce\u00f1ido y c\u00f3modo.      Detalles del producto    Ajuste ce\u00f1ido para una sujeci\u00f3n m\u00e1s firme  61% de algod\u00f3n, 33% poli\u00e9ster, 6% elastano  Lavar a m\u00e1quina  producto importado  Color mostrado: Negro \/ Blanco  Modelo: CZ8532-010                                                                                                                                                                                                                                                                                                                                                                                                                                                                                                                                                                                                                                                                                                                                                                                                                                                                                                                                                                                                                                        <\/p>\n","protected":false},"excerpt":{"rendered":"<p>NIKE SPORTSWEAR ESSENTIAL LEGGING<\/p>\n","protected":false},"featured_media":51018,"template":"","meta":[],"product_brand":[],"product_cat":[281],"product_tag":[37],"class_list":{"0":"post-36370","1":"product","2":"type-product","3":"status-publish","4":"has-post-thumbnail","6":"product_cat-mujer_textil_mallas","7":"product_tag-nike","8":"pa_color-unico","9":"pa_talla-xs","10":"thunk-woo-product-list","11":"opn-qv-enable","12":"open-woo-hover-","13":"open-single-product-tab-horizontal","14":"open-shadow-","15":"open-shadow-hover-","17":"first","18":"instock","19":"shipping-taxable","20":"purchasable","21":"product-type-variable"},"jetpack_sharing_enabled":true,"_links":{"self":[{"href":"https:\/\/www.deporteseli.com\/index.php?rest_route=\/wp\/v2\/product\/36370","targetHints":{"allow":["GET"]}}],"collection":[{"href":"https:\/\/www.deporteseli.com\/index.php?rest_route=\/wp\/v2\/product"}],"about":[{"href":"https:\/\/www.deporteseli.com\/index.php?rest_route=\/wp\/v2\/types\/product"}],"wp:featuredmedia":[{"embeddable":true,"href":"https:\/\/www.deporteseli.com\/index.php?rest_route=\/wp\/v2\/media\/51018"}],"wp:attachment":[{"href":"https:\/\/www.deporteseli.com\/index.php?rest_route=%2Fwp%2Fv2%2Fmedia&parent=36370"}],"wp:term":[{"taxonomy":"product_brand","embeddable":true,"href":"https:\/\/www.deporteseli.com\/index.php?rest_route=%2Fwp%2Fv2%2Fproduct_brand&post=36370"},{"taxonomy":"product_cat","embeddable":true,"href":"https:\/\/www.deporteseli.com\/index.php?rest_route=%2Fwp%2Fv2%2Fproduct_cat&post=36370"},{"taxonomy":"product_tag","embeddable":true,"href":"https:\/\/www.deporteseli.com\/index.php?rest_route=%2Fwp%2Fv2%2Fproduct_tag&post=36370"}],"curies":[{"name":"wp","href":"https:\/\/api.w.org\/{rel}","templated":true}]}}