{"id":36356,"date":"2026-01-27T17:10:50","date_gmt":"2026-01-27T17:10:50","guid":{"rendered":"https:\/\/www.deporteseli.com\/?product=camiseta-essentials-logo"},"modified":"2026-01-27T17:10:56","modified_gmt":"2026-01-27T17:10:56","slug":"camiseta-essentials-logo","status":"publish","type":"product","link":"https:\/\/www.deporteseli.com\/?product=camiseta-essentials-logo","title":{"rendered":"CAMISETA ESSENTIALS LOGO"},"content":{"rendered":"<p>CAMISETA ESSENTIALS LOGO  PERFECTA PARA TU D\u00cdA A D\u00cdA  Estilo deportivo con un toque atrevido. \u00bfTe parece buena combinaci\u00f3n? Si la respuesta es s\u00ed, solo tienes que ponerte esta camiseta para j\u00f3venes deportistas. El gran estampado de adidas repetido en la parte frontal la convertir\u00e1 en tu nueva camiseta favorita.  DETALLES  Corte entallado  Cuello de canal\u00e9  Punto 100% algod\u00f3n  Gran logotipo de adidas estampado en diagonal en la parte frontal  Color del art\u00edculo: Legend Ink \/ Ambient Blush  N\u00famero de art\u00edculo: GS2188                                                                                                                                                                                                                                                                                                                                                                                                                                                                                                                                                                                                                                                                                                                                                                                                                                                                                                                                                                                                                                        <\/p>\n","protected":false},"excerpt":{"rendered":"<p>CAMISETA ESSENTIALS LOGO<\/p>\n","protected":false},"featured_media":51007,"template":"","meta":[],"product_brand":[],"product_cat":[376],"product_tag":[18],"class_list":{"0":"post-36356","1":"product","2":"type-product","3":"status-publish","4":"has-post-thumbnail","6":"product_cat-ninas_textil_camisetas","7":"product_tag-adidas","8":"pa_color-unico","9":"pa_talla-t-10","10":"pa_talla-t-12","11":"pa_talla-t-16","12":"pa_talla-t-8","13":"thunk-woo-product-list","14":"opn-qv-enable","15":"open-woo-hover-","16":"open-single-product-tab-horizontal","17":"open-shadow-","18":"open-shadow-hover-","20":"first","21":"instock","22":"shipping-taxable","23":"purchasable","24":"product-type-variable"},"jetpack_sharing_enabled":true,"_links":{"self":[{"href":"https:\/\/www.deporteseli.com\/index.php?rest_route=\/wp\/v2\/product\/36356","targetHints":{"allow":["GET"]}}],"collection":[{"href":"https:\/\/www.deporteseli.com\/index.php?rest_route=\/wp\/v2\/product"}],"about":[{"href":"https:\/\/www.deporteseli.com\/index.php?rest_route=\/wp\/v2\/types\/product"}],"wp:featuredmedia":[{"embeddable":true,"href":"https:\/\/www.deporteseli.com\/index.php?rest_route=\/wp\/v2\/media\/51007"}],"wp:attachment":[{"href":"https:\/\/www.deporteseli.com\/index.php?rest_route=%2Fwp%2Fv2%2Fmedia&parent=36356"}],"wp:term":[{"taxonomy":"product_brand","embeddable":true,"href":"https:\/\/www.deporteseli.com\/index.php?rest_route=%2Fwp%2Fv2%2Fproduct_brand&post=36356"},{"taxonomy":"product_cat","embeddable":true,"href":"https:\/\/www.deporteseli.com\/index.php?rest_route=%2Fwp%2Fv2%2Fproduct_cat&post=36356"},{"taxonomy":"product_tag","embeddable":true,"href":"https:\/\/www.deporteseli.com\/index.php?rest_route=%2Fwp%2Fv2%2Fproduct_tag&post=36356"}],"curies":[{"name":"wp","href":"https:\/\/api.w.org\/{rel}","templated":true}]}}