{"id":36352,"date":"2026-01-27T17:10:45","date_gmt":"2026-01-27T17:10:45","guid":{"rendered":"https:\/\/www.deporteseli.com\/?product=sudadera-puma-589233-44"},"modified":"2026-01-27T17:10:49","modified_gmt":"2026-01-27T17:10:49","slug":"sudadera-puma-589233-44","status":"publish","type":"product","link":"https:\/\/www.deporteseli.com\/?product=sudadera-puma-589233-44","title":{"rendered":"SUDADERA PUMA 589233-44"},"content":{"rendered":"<p>Descripci\u00f3n del producto  Impresi\u00f3n gr\u00e1fica en todo el cuerpo  Estampado met\u00e1lico del logotipo del gato  Capucha forrada de jersey  Cierre de cremallera completa  Pu\u00f1os y cintura acanalados  Ajuste regular  Al comprar productos de algod\u00f3n en PUMA, est\u00e1s apoyando un cultivo de algod\u00f3n m\u00e1s sostenible a trav\u00e9s de la iniciativa Better Cotton. Para m\u00e1s informaci\u00f3n, visite bettercotton.org\/massbalance   Material principal 1: 32% poli\u00e9ster, 68% algod\u00f3n &#8211; vell\u00f3n &#8211; 280,00 g\/m\u00b2 &#8211; impreso &#8211; mec\u00e1nico &#8211; cepillado Rib: 96% algod\u00f3n BCI, 4% elastano &#8211; 2&#215;2 rib &#8211; 340,00 g\/m\u00b2 &#8211; te\u00f1ido en pieza &#8211; acabado qu\u00edmico \u2013 Regular.                                                                                                                                                                                                                                                                                                                                                                                                                                                                                                                                                                                                                                                                                                                                                                                                                                                                                                                                                                                                                                        <\/p>\n","protected":false},"excerpt":{"rendered":"<p>SUDADERA PUMA 589233-44<\/p>\n","protected":false},"featured_media":51005,"template":"","meta":[],"product_brand":[],"product_cat":[384],"product_tag":[32],"class_list":{"0":"post-36352","1":"product","2":"type-product","3":"status-publish","4":"has-post-thumbnail","6":"product_cat-ninas_textil_sudaderas","7":"product_tag-puma","8":"pa_color-unico","9":"pa_talla-t-10","10":"pa_talla-t-12","11":"pa_talla-t-14","12":"thunk-woo-product-list","13":"opn-qv-enable","14":"open-woo-hover-","15":"open-single-product-tab-horizontal","16":"open-shadow-","17":"open-shadow-hover-","19":"first","20":"instock","21":"shipping-taxable","22":"purchasable","23":"product-type-variable"},"jetpack_sharing_enabled":true,"_links":{"self":[{"href":"https:\/\/www.deporteseli.com\/index.php?rest_route=\/wp\/v2\/product\/36352","targetHints":{"allow":["GET"]}}],"collection":[{"href":"https:\/\/www.deporteseli.com\/index.php?rest_route=\/wp\/v2\/product"}],"about":[{"href":"https:\/\/www.deporteseli.com\/index.php?rest_route=\/wp\/v2\/types\/product"}],"wp:featuredmedia":[{"embeddable":true,"href":"https:\/\/www.deporteseli.com\/index.php?rest_route=\/wp\/v2\/media\/51005"}],"wp:attachment":[{"href":"https:\/\/www.deporteseli.com\/index.php?rest_route=%2Fwp%2Fv2%2Fmedia&parent=36352"}],"wp:term":[{"taxonomy":"product_brand","embeddable":true,"href":"https:\/\/www.deporteseli.com\/index.php?rest_route=%2Fwp%2Fv2%2Fproduct_brand&post=36352"},{"taxonomy":"product_cat","embeddable":true,"href":"https:\/\/www.deporteseli.com\/index.php?rest_route=%2Fwp%2Fv2%2Fproduct_cat&post=36352"},{"taxonomy":"product_tag","embeddable":true,"href":"https:\/\/www.deporteseli.com\/index.php?rest_route=%2Fwp%2Fv2%2Fproduct_tag&post=36352"}],"curies":[{"name":"wp","href":"https:\/\/api.w.org\/{rel}","templated":true}]}}