{"id":36350,"date":"2026-01-27T17:10:41","date_gmt":"2026-01-27T17:10:41","guid":{"rendered":"https:\/\/www.deporteseli.com\/?product=pant-puma-586988-03"},"modified":"2026-01-27T17:10:44","modified_gmt":"2026-01-27T17:10:44","slug":"pant-puma-586988-03","status":"publish","type":"product","link":"https:\/\/www.deporteseli.com\/?product=pant-puma-586988-03","title":{"rendered":"PANT PUMA 586988-03"},"content":{"rendered":"<p>Cintura el\u00e1stica con cord\u00f3n interno para una comodidad personalizada   Bolsillos laterales para soluciones de almacenamiento   Pu\u00f1os de canal\u00e9 el\u00e1sticos   Ajuste regular   Fabricado con poli\u00e9ster reciclado   Hecho con algod\u00f3n de Better Cotton Initiative   Fabricado con OEKO-TEXStandard   Material  Material principal 1: 66% algod\u00f3n BCI, 34% poli\u00e9ster Reciclado &#8211; vell\u00f3n &#8211; 280,00 gr &#8211; pieza te\u00f1ida &#8211; Mec\u00e1nico &#8211; Cepillado                                                                                                                                                                                                                                                                                                                                                                                                                                                                                                                                                                                                                                                                                                                                                                                                                                                                                                                                                                                                                                        <\/p>\n","protected":false},"excerpt":{"rendered":"<p>PANT PUMA 586988-03<\/p>\n","protected":false},"featured_media":51004,"template":"","meta":[],"product_brand":[],"product_cat":[301],"product_tag":[32],"class_list":{"0":"post-36350","1":"product","2":"type-product","3":"status-publish","4":"has-post-thumbnail","6":"product_cat-nino_textil_pantalones","7":"product_tag-puma","8":"pa_color-unico","9":"pa_talla-t-14","10":"thunk-woo-product-list","11":"opn-qv-enable","12":"open-woo-hover-","13":"open-single-product-tab-horizontal","14":"open-shadow-","15":"open-shadow-hover-","17":"first","18":"instock","19":"shipping-taxable","20":"purchasable","21":"product-type-variable"},"jetpack_sharing_enabled":true,"_links":{"self":[{"href":"https:\/\/www.deporteseli.com\/index.php?rest_route=\/wp\/v2\/product\/36350","targetHints":{"allow":["GET"]}}],"collection":[{"href":"https:\/\/www.deporteseli.com\/index.php?rest_route=\/wp\/v2\/product"}],"about":[{"href":"https:\/\/www.deporteseli.com\/index.php?rest_route=\/wp\/v2\/types\/product"}],"wp:featuredmedia":[{"embeddable":true,"href":"https:\/\/www.deporteseli.com\/index.php?rest_route=\/wp\/v2\/media\/51004"}],"wp:attachment":[{"href":"https:\/\/www.deporteseli.com\/index.php?rest_route=%2Fwp%2Fv2%2Fmedia&parent=36350"}],"wp:term":[{"taxonomy":"product_brand","embeddable":true,"href":"https:\/\/www.deporteseli.com\/index.php?rest_route=%2Fwp%2Fv2%2Fproduct_brand&post=36350"},{"taxonomy":"product_cat","embeddable":true,"href":"https:\/\/www.deporteseli.com\/index.php?rest_route=%2Fwp%2Fv2%2Fproduct_cat&post=36350"},{"taxonomy":"product_tag","embeddable":true,"href":"https:\/\/www.deporteseli.com\/index.php?rest_route=%2Fwp%2Fv2%2Fproduct_tag&post=36350"}],"curies":[{"name":"wp","href":"https:\/\/api.w.org\/{rel}","templated":true}]}}