{"id":36342,"date":"2026-01-27T17:10:23","date_gmt":"2026-01-27T17:10:23","guid":{"rendered":"https:\/\/www.deporteseli.com\/?product=camisa-champion-403927"},"modified":"2026-01-27T17:10:29","modified_gmt":"2026-01-27T17:10:29","slug":"camisa-champion-403927","status":"publish","type":"product","link":"https:\/\/www.deporteseli.com\/?product=camisa-champion-403927","title":{"rendered":"CAMISA CHAMPION 403927"},"content":{"rendered":"<p>La camiseta Champion Legacy Elementary, fabricada con algod\u00f3n, es un buen ejemplo de una prenda b\u00e1sica que deber\u00eda estar en cualquier armario, por su sencillez y versatilidad.  Presenta un cl\u00e1sico cuello redondo y destaca por el nombre de la marca estampado.                                                                                                                                                                                                                                                                                                                                                                                                                                                                                                                                                                                                                                                                                                                                                                                                                                                                                                                                                                                                                                        <\/p>\n","protected":false},"excerpt":{"rendered":"<p>CAMISA CHAMPION 403927<\/p>\n","protected":false},"featured_media":51000,"template":"","meta":[],"product_brand":[],"product_cat":[376],"product_tag":[51],"class_list":{"0":"post-36342","1":"product","2":"type-product","3":"status-publish","4":"has-post-thumbnail","6":"product_cat-ninas_textil_camisetas","7":"product_tag-champion","8":"pa_color-unico","9":"pa_talla-m","10":"pa_talla-xl","11":"pa_talla-xxl","12":"thunk-woo-product-list","13":"opn-qv-enable","14":"open-woo-hover-","15":"open-single-product-tab-horizontal","16":"open-shadow-","17":"open-shadow-hover-","19":"first","20":"instock","21":"shipping-taxable","22":"purchasable","23":"product-type-variable"},"jetpack_sharing_enabled":true,"_links":{"self":[{"href":"https:\/\/www.deporteseli.com\/index.php?rest_route=\/wp\/v2\/product\/36342","targetHints":{"allow":["GET"]}}],"collection":[{"href":"https:\/\/www.deporteseli.com\/index.php?rest_route=\/wp\/v2\/product"}],"about":[{"href":"https:\/\/www.deporteseli.com\/index.php?rest_route=\/wp\/v2\/types\/product"}],"wp:featuredmedia":[{"embeddable":true,"href":"https:\/\/www.deporteseli.com\/index.php?rest_route=\/wp\/v2\/media\/51000"}],"wp:attachment":[{"href":"https:\/\/www.deporteseli.com\/index.php?rest_route=%2Fwp%2Fv2%2Fmedia&parent=36342"}],"wp:term":[{"taxonomy":"product_brand","embeddable":true,"href":"https:\/\/www.deporteseli.com\/index.php?rest_route=%2Fwp%2Fv2%2Fproduct_brand&post=36342"},{"taxonomy":"product_cat","embeddable":true,"href":"https:\/\/www.deporteseli.com\/index.php?rest_route=%2Fwp%2Fv2%2Fproduct_cat&post=36342"},{"taxonomy":"product_tag","embeddable":true,"href":"https:\/\/www.deporteseli.com\/index.php?rest_route=%2Fwp%2Fv2%2Fproduct_tag&post=36342"}],"curies":[{"name":"wp","href":"https:\/\/api.w.org\/{rel}","templated":true}]}}