{"id":36337,"date":"2026-01-27T17:10:15","date_gmt":"2026-01-27T17:10:15","guid":{"rendered":"https:\/\/www.deporteseli.com\/?product=camiseta-puma-ess-logo"},"modified":"2026-01-27T17:10:18","modified_gmt":"2026-01-27T17:10:18","slug":"camiseta-puma-ess-logo","status":"publish","type":"product","link":"https:\/\/www.deporteseli.com\/?product=camiseta-puma-ess-logo","title":{"rendered":"CAMISETA PUMA ESS LOGO"},"content":{"rendered":"<p>DETALLES DEL PRODUCTO    Nada se ve tan bien como la moda ecol\u00f3gica. Esta camiseta apoya una producci\u00f3n m\u00e1s sostenible de algod\u00f3n y su confecci\u00f3n utiliza m\u00e9todos innovadores de ahorro de agua, para que tengas un armario del que puedas estar orgulloso.    CARACTER\u00cdSTICAS   BENEFICIOS  BCI: Al comprar productos de algod\u00f3n de PUMA, apoyas una producci\u00f3n m\u00e1s sostenible de algod\u00f3n mediante la Iniciativa del Mejor Algod\u00f3n (Better Cotton Initiative). M\u00e1s informaci\u00f3n en: bettercotton.org\/massbalance  Bye Dye: Bye Dye es una de las soluciones de PUMA para reducir el impacto ambiental. Al no usar blanqueadores ni tintas, ahorramos agua en el proceso de producci\u00f3n.    DETALLES  Corte normal  Cuello redondo  Estampado del logotipo PUMA N.\u00ba 1 de goma en la parte izquierda del pecho  Etiqueta con el logotipo PUMA N.\u00ba 1 en el lateral izquierdo  Algod\u00f3n 100 %                                                                                                                                                                                                                                                                                                                                                                                                                                                                                                                                                                                                                                                                                                                                                                                                                                                                                                                                                                                                                                        <\/p>\n","protected":false},"excerpt":{"rendered":"<p>CAMISETA PUMA ESS LOGO<\/p>\n","protected":false},"featured_media":50992,"template":"","meta":[],"product_brand":[],"product_cat":[376],"product_tag":[32],"class_list":{"0":"post-36337","1":"product","2":"type-product","3":"status-publish","4":"has-post-thumbnail","6":"product_cat-ninas_textil_camisetas","7":"product_tag-puma","8":"pa_color-unico","9":"pa_talla-t-10","10":"pa_talla-t-12","11":"thunk-woo-product-list","12":"opn-qv-enable","13":"open-woo-hover-","14":"open-single-product-tab-horizontal","15":"open-shadow-","16":"open-shadow-hover-","18":"first","19":"instock","20":"shipping-taxable","21":"purchasable","22":"product-type-variable"},"jetpack_sharing_enabled":true,"_links":{"self":[{"href":"https:\/\/www.deporteseli.com\/index.php?rest_route=\/wp\/v2\/product\/36337","targetHints":{"allow":["GET"]}}],"collection":[{"href":"https:\/\/www.deporteseli.com\/index.php?rest_route=\/wp\/v2\/product"}],"about":[{"href":"https:\/\/www.deporteseli.com\/index.php?rest_route=\/wp\/v2\/types\/product"}],"wp:featuredmedia":[{"embeddable":true,"href":"https:\/\/www.deporteseli.com\/index.php?rest_route=\/wp\/v2\/media\/50992"}],"wp:attachment":[{"href":"https:\/\/www.deporteseli.com\/index.php?rest_route=%2Fwp%2Fv2%2Fmedia&parent=36337"}],"wp:term":[{"taxonomy":"product_brand","embeddable":true,"href":"https:\/\/www.deporteseli.com\/index.php?rest_route=%2Fwp%2Fv2%2Fproduct_brand&post=36337"},{"taxonomy":"product_cat","embeddable":true,"href":"https:\/\/www.deporteseli.com\/index.php?rest_route=%2Fwp%2Fv2%2Fproduct_cat&post=36337"},{"taxonomy":"product_tag","embeddable":true,"href":"https:\/\/www.deporteseli.com\/index.php?rest_route=%2Fwp%2Fv2%2Fproduct_tag&post=36337"}],"curies":[{"name":"wp","href":"https:\/\/api.w.org\/{rel}","templated":true}]}}