{"id":36333,"date":"2026-01-27T17:10:08","date_gmt":"2026-01-27T17:10:08","guid":{"rendered":"https:\/\/www.deporteseli.com\/?product=pant-j-smith-valcabado-004"},"modified":"2026-01-27T17:10:10","modified_gmt":"2026-01-27T17:10:10","slug":"pant-j-smith-valcabado-004","status":"publish","type":"product","link":"https:\/\/www.deporteseli.com\/?product=pant-j-smith-valcabado-004","title":{"rendered":"PANT J.SMITH VALCABADO-004"},"content":{"rendered":"<p>COMPOSICION:    88% algod\u00f3n-12% poli\u00e9ster. Backside brushed.    DETALLES:    Pantal\u00f3n largo.    Cintura ajustable con cord\u00f3n.    Bolsillos laterales.    Bajo sin pu\u00f1os.    Regular fit.                                                                                                                                                                                                                                                                                                                                                                                                                                                                                                                                                                                                                                                                                                                                                                                                                                                                                                                                                                                                                                        <\/p>\n","protected":false},"excerpt":{"rendered":"<p>PANT J.SMITH VALCABADO-004<\/p>\n","protected":false},"featured_media":50985,"template":"","meta":[],"product_brand":[],"product_cat":[252],"product_tag":[43],"class_list":{"0":"post-36333","1":"product","2":"type-product","3":"status-publish","4":"has-post-thumbnail","6":"product_cat-hombre_textil_pantalones","7":"product_tag-jhon_smith","8":"pa_color-unico","9":"pa_talla-xl","10":"thunk-woo-product-list","11":"opn-qv-enable","12":"open-woo-hover-","13":"open-single-product-tab-horizontal","14":"open-shadow-","15":"open-shadow-hover-","17":"first","18":"instock","19":"shipping-taxable","20":"purchasable","21":"product-type-variable"},"jetpack_sharing_enabled":true,"_links":{"self":[{"href":"https:\/\/www.deporteseli.com\/index.php?rest_route=\/wp\/v2\/product\/36333","targetHints":{"allow":["GET"]}}],"collection":[{"href":"https:\/\/www.deporteseli.com\/index.php?rest_route=\/wp\/v2\/product"}],"about":[{"href":"https:\/\/www.deporteseli.com\/index.php?rest_route=\/wp\/v2\/types\/product"}],"wp:featuredmedia":[{"embeddable":true,"href":"https:\/\/www.deporteseli.com\/index.php?rest_route=\/wp\/v2\/media\/50985"}],"wp:attachment":[{"href":"https:\/\/www.deporteseli.com\/index.php?rest_route=%2Fwp%2Fv2%2Fmedia&parent=36333"}],"wp:term":[{"taxonomy":"product_brand","embeddable":true,"href":"https:\/\/www.deporteseli.com\/index.php?rest_route=%2Fwp%2Fv2%2Fproduct_brand&post=36333"},{"taxonomy":"product_cat","embeddable":true,"href":"https:\/\/www.deporteseli.com\/index.php?rest_route=%2Fwp%2Fv2%2Fproduct_cat&post=36333"},{"taxonomy":"product_tag","embeddable":true,"href":"https:\/\/www.deporteseli.com\/index.php?rest_route=%2Fwp%2Fv2%2Fproduct_tag&post=36333"}],"curies":[{"name":"wp","href":"https:\/\/api.w.org\/{rel}","templated":true}]}}