{"id":36326,"date":"2026-01-27T17:09:58","date_gmt":"2026-01-27T17:09:58","guid":{"rendered":"https:\/\/www.deporteseli.com\/?product=camiseta-adidas-designed-to-move-2"},"modified":"2026-02-16T07:43:48","modified_gmt":"2026-02-16T07:43:48","slug":"camiseta-adidas-designed-to-move-2","status":"publish","type":"product","link":"https:\/\/www.deporteseli.com\/?product=camiseta-adidas-designed-to-move-2","title":{"rendered":"CAMISETA ADIDAS DESIGNED TO MOVE"},"content":{"rendered":"<p>CAMISETA ADIDAS DESIGNED TO MOVE  UNA CAMISETA DE USO DIARIO CON COMODIDAD Y ESTILO.  Siempre est\u00e1s listo para lo que venga despu\u00e9s. Tu guardarropa tambi\u00e9n deber\u00eda serlo. Esta camiseta para j\u00f3venes te mantiene seco, c\u00f3modo y listo todo el d\u00eda con AEROREADY que absorbe la humedad. Un adidas Badge of Sport aporta un toque atl\u00e9tico a tu estilo urbano. Este producto est\u00e1 elaborado con Primegreen, una serie de materiales reciclados de alto rendimiento.  ESPECIFICACIONES  Ajuste regular  Cuello redondo  Frente: interlock 100% poli\u00e9ster reciclado  Espalda: punto doble 100% poli\u00e9ster reciclado  Mangas cortas  Entrelazar  Primegreen  Color: Tono violeta \/ Tinta leyenda  C\u00f3digo de producto: GT1329                                                                                                                                                                                                                                                                                                                                                                                                                                                                                                                                                                                                                                                                                                                                                                                                                                                                                                                                                                                                                                        <\/p>\n","protected":false},"excerpt":{"rendered":"<p>CAMISETA ADIDAS DESIGNED TO MOVE<\/p>\n","protected":false},"featured_media":50981,"template":"","meta":[],"product_brand":[],"product_cat":[376],"product_tag":[18],"class_list":{"0":"post-36326","1":"product","2":"type-product","3":"status-publish","4":"has-post-thumbnail","6":"product_cat-ninas_textil_camisetas","7":"product_tag-adidas","8":"pa_color-unico","9":"pa_talla-t-10","10":"pa_talla-t-14","11":"pa_talla-t-16","12":"thunk-woo-product-list","13":"opn-qv-enable","14":"open-woo-hover-","15":"open-single-product-tab-horizontal","16":"open-shadow-","17":"open-shadow-hover-","19":"first","20":"instock","21":"shipping-taxable","22":"purchasable","23":"product-type-variable"},"jetpack_sharing_enabled":true,"_links":{"self":[{"href":"https:\/\/www.deporteseli.com\/index.php?rest_route=\/wp\/v2\/product\/36326","targetHints":{"allow":["GET"]}}],"collection":[{"href":"https:\/\/www.deporteseli.com\/index.php?rest_route=\/wp\/v2\/product"}],"about":[{"href":"https:\/\/www.deporteseli.com\/index.php?rest_route=\/wp\/v2\/types\/product"}],"wp:featuredmedia":[{"embeddable":true,"href":"https:\/\/www.deporteseli.com\/index.php?rest_route=\/wp\/v2\/media\/50981"}],"wp:attachment":[{"href":"https:\/\/www.deporteseli.com\/index.php?rest_route=%2Fwp%2Fv2%2Fmedia&parent=36326"}],"wp:term":[{"taxonomy":"product_brand","embeddable":true,"href":"https:\/\/www.deporteseli.com\/index.php?rest_route=%2Fwp%2Fv2%2Fproduct_brand&post=36326"},{"taxonomy":"product_cat","embeddable":true,"href":"https:\/\/www.deporteseli.com\/index.php?rest_route=%2Fwp%2Fv2%2Fproduct_cat&post=36326"},{"taxonomy":"product_tag","embeddable":true,"href":"https:\/\/www.deporteseli.com\/index.php?rest_route=%2Fwp%2Fv2%2Fproduct_tag&post=36326"}],"curies":[{"name":"wp","href":"https:\/\/api.w.org\/{rel}","templated":true}]}}