{"id":36322,"date":"2026-01-27T17:09:53","date_gmt":"2026-01-27T17:09:53","guid":{"rendered":"https:\/\/www.deporteseli.com\/?product=leggings-adidas-essentials"},"modified":"2026-01-27T17:09:57","modified_gmt":"2026-01-27T17:09:57","slug":"leggings-adidas-essentials","status":"publish","type":"product","link":"https:\/\/www.deporteseli.com\/?product=leggings-adidas-essentials","title":{"rendered":"LEGGINGS ADIDAS ESSENTIALS"},"content":{"rendered":"<p>LEGGINGS ADIDAS ESSENTIALS  LEGGINGS DEPORTIVOS PARA MAYOR COMODIDAD Y LIBERTAD DE MOVIMIENTOS.    En adidas tenemos una larga tradici\u00f3n de combinar la comodidad de la ropa deportiva y el estilo urbano. Estos leggings con logo son un claro ejemplo de ello. Las prendas de punto fino se sienten suaves incluso para el yoga, incluso en casa en el sof\u00e1. Apoyamos el cultivo y procesamiento de algod\u00f3n org\u00e1nico. Esto es parte de nuestro programa de reducci\u00f3n de desechos pl\u00e1sticos.  SOBRE EL MODELO  Corte ce\u00f1ido  Prendas de punto fino: 92% algod\u00f3n, 8% elastano  Cintura ancha el\u00e1stica  aterrizaje medio  Color del modelo: Gris medio jaspeado \/ Tonelada menta  N\u00famero de modelo: H52761                                                                                                                                                                                                                                                                                                                                                                                                                                                                                                                                                                                                                                                                                                                                                                                                                                                                                                                                                                                                                                        <\/p>\n","protected":false},"excerpt":{"rendered":"<p>LEGGINGS ADIDAS ESSENTIALS<\/p>\n","protected":false},"featured_media":50976,"template":"","meta":[],"product_brand":[],"product_cat":[386],"product_tag":[18],"class_list":{"0":"post-36322","1":"product","2":"type-product","3":"status-publish","4":"has-post-thumbnail","6":"product_cat-ninas_textil_mallas","7":"product_tag-adidas","8":"pa_color-unico","9":"pa_talla-t-12","10":"pa_talla-t-14","11":"pa_talla-t-16","12":"thunk-woo-product-list","13":"opn-qv-enable","14":"open-woo-hover-","15":"open-single-product-tab-horizontal","16":"open-shadow-","17":"open-shadow-hover-","19":"first","20":"instock","21":"shipping-taxable","22":"purchasable","23":"product-type-variable"},"jetpack_sharing_enabled":true,"_links":{"self":[{"href":"https:\/\/www.deporteseli.com\/index.php?rest_route=\/wp\/v2\/product\/36322","targetHints":{"allow":["GET"]}}],"collection":[{"href":"https:\/\/www.deporteseli.com\/index.php?rest_route=\/wp\/v2\/product"}],"about":[{"href":"https:\/\/www.deporteseli.com\/index.php?rest_route=\/wp\/v2\/types\/product"}],"wp:featuredmedia":[{"embeddable":true,"href":"https:\/\/www.deporteseli.com\/index.php?rest_route=\/wp\/v2\/media\/50976"}],"wp:attachment":[{"href":"https:\/\/www.deporteseli.com\/index.php?rest_route=%2Fwp%2Fv2%2Fmedia&parent=36322"}],"wp:term":[{"taxonomy":"product_brand","embeddable":true,"href":"https:\/\/www.deporteseli.com\/index.php?rest_route=%2Fwp%2Fv2%2Fproduct_brand&post=36322"},{"taxonomy":"product_cat","embeddable":true,"href":"https:\/\/www.deporteseli.com\/index.php?rest_route=%2Fwp%2Fv2%2Fproduct_cat&post=36322"},{"taxonomy":"product_tag","embeddable":true,"href":"https:\/\/www.deporteseli.com\/index.php?rest_route=%2Fwp%2Fv2%2Fproduct_tag&post=36322"}],"curies":[{"name":"wp","href":"https:\/\/api.w.org\/{rel}","templated":true}]}}