{"id":36316,"date":"2026-01-27T17:09:46","date_gmt":"2026-01-27T17:09:46","guid":{"rendered":"https:\/\/www.deporteseli.com\/?product=tenis-health-166-2"},"modified":"2026-01-27T17:09:50","modified_gmt":"2026-01-27T17:09:50","slug":"tenis-health-166-2","status":"publish","type":"product","link":"https:\/\/www.deporteseli.com\/?product=tenis-health-166-2","title":{"rendered":"TENIS HEALTH 166"},"content":{"rendered":"<p>Zapatilla de clavos especialmente dise\u00f1ada para pruebas de medio fondo y fondo para pistas de Atletismo de material sint\u00e9tico. Tambi\u00e9n muy aconsejable para prueba de Campo a Trav\u00e9s donde la superficie es de tierra o hierba.    Material: Piel sint\u00e9tica   malla transpirable    Material suela: EVA  PBT   7 clavos                                                                                                                                                                                                                                                                                                                                                                                                                                                                                                                                                                                                                                                                                                                                                                                                                                                                                                                                                                                                                                        <\/p>\n","protected":false},"excerpt":{"rendered":"<p>TENIS HEALTH 166<\/p>\n","protected":false},"featured_media":50967,"template":"","meta":[],"product_brand":[],"product_cat":[308],"product_tag":[75],"class_list":{"0":"post-36316","1":"product","2":"type-product","3":"status-publish","4":"has-post-thumbnail","6":"product_cat-nino_calzado_running","7":"product_tag-health","8":"pa_color-unico","9":"pa_talla-139","10":"pa_talla-143","11":"pa_talla-145","12":"thunk-woo-product-list","13":"opn-qv-enable","14":"open-woo-hover-","15":"open-single-product-tab-horizontal","16":"open-shadow-","17":"open-shadow-hover-","19":"first","20":"instock","21":"sale","22":"shipping-taxable","23":"purchasable","24":"product-type-variable"},"jetpack_sharing_enabled":true,"_links":{"self":[{"href":"https:\/\/www.deporteseli.com\/index.php?rest_route=\/wp\/v2\/product\/36316","targetHints":{"allow":["GET"]}}],"collection":[{"href":"https:\/\/www.deporteseli.com\/index.php?rest_route=\/wp\/v2\/product"}],"about":[{"href":"https:\/\/www.deporteseli.com\/index.php?rest_route=\/wp\/v2\/types\/product"}],"wp:featuredmedia":[{"embeddable":true,"href":"https:\/\/www.deporteseli.com\/index.php?rest_route=\/wp\/v2\/media\/50967"}],"wp:attachment":[{"href":"https:\/\/www.deporteseli.com\/index.php?rest_route=%2Fwp%2Fv2%2Fmedia&parent=36316"}],"wp:term":[{"taxonomy":"product_brand","embeddable":true,"href":"https:\/\/www.deporteseli.com\/index.php?rest_route=%2Fwp%2Fv2%2Fproduct_brand&post=36316"},{"taxonomy":"product_cat","embeddable":true,"href":"https:\/\/www.deporteseli.com\/index.php?rest_route=%2Fwp%2Fv2%2Fproduct_cat&post=36316"},{"taxonomy":"product_tag","embeddable":true,"href":"https:\/\/www.deporteseli.com\/index.php?rest_route=%2Fwp%2Fv2%2Fproduct_tag&post=36316"}],"curies":[{"name":"wp","href":"https:\/\/api.w.org\/{rel}","templated":true}]}}