{"id":36303,"date":"2026-01-27T17:09:31","date_gmt":"2026-01-27T17:09:31","guid":{"rendered":"https:\/\/www.deporteseli.com\/?product=camisa-head-814741"},"modified":"2026-01-27T17:09:33","modified_gmt":"2026-01-27T17:09:33","slug":"camisa-head-814741","status":"publish","type":"product","link":"https:\/\/www.deporteseli.com\/?product=camisa-head-814741","title":{"rendered":"CAMISA HEAD 814741"},"content":{"rendered":"<p>Con un escote redondo y femenino y una selecci\u00f3n de dise\u00f1os contempor\u00e1neos, el GAME TECH TANK TOP le permite verse y sentirse bien dentro y fuera de la pista de p\u00e1del. El eslogan \u201cWe Are Padel\u201d de HEAD, el ic\u00f3nico Wishbone logo y la marca HEAD elevan la est\u00e9tica elegante y deportiva, mientras que la espalda racer le ayuda a mantenerse fresco.  ARTICLE NUMBER:  814741  TEJIDO PRINCIPAL:  Interlock 85 % poli\u00e9ster, 15 % elastano  2\u00ba MATERIAL:  Tricot mesh 100 % poli\u00e9ster  FORMA:  regular                                                                                                                                                                                                                                                                                                                                                                                                                                                                                                                                                                                                                                                                                                                                                                                                                                                                                                                                                                                                                                        <\/p>\n","protected":false},"excerpt":{"rendered":"<p>CAMISA HEAD 814741<\/p>\n","protected":false},"featured_media":50960,"template":"","meta":[],"product_brand":[],"product_cat":[364],"product_tag":[22],"class_list":{"0":"post-36303","1":"product","2":"type-product","3":"status-publish","4":"has-post-thumbnail","6":"product_cat-padel_y_tenis_textil_camisas","7":"product_tag-head","8":"pa_color-unico","9":"pa_talla-xl","10":"pa_talla-xs","11":"thunk-woo-product-list","12":"opn-qv-enable","13":"open-woo-hover-","14":"open-single-product-tab-horizontal","15":"open-shadow-","16":"open-shadow-hover-","18":"first","19":"instock","20":"sale","21":"shipping-taxable","22":"purchasable","23":"product-type-variable"},"jetpack_sharing_enabled":true,"_links":{"self":[{"href":"https:\/\/www.deporteseli.com\/index.php?rest_route=\/wp\/v2\/product\/36303","targetHints":{"allow":["GET"]}}],"collection":[{"href":"https:\/\/www.deporteseli.com\/index.php?rest_route=\/wp\/v2\/product"}],"about":[{"href":"https:\/\/www.deporteseli.com\/index.php?rest_route=\/wp\/v2\/types\/product"}],"wp:featuredmedia":[{"embeddable":true,"href":"https:\/\/www.deporteseli.com\/index.php?rest_route=\/wp\/v2\/media\/50960"}],"wp:attachment":[{"href":"https:\/\/www.deporteseli.com\/index.php?rest_route=%2Fwp%2Fv2%2Fmedia&parent=36303"}],"wp:term":[{"taxonomy":"product_brand","embeddable":true,"href":"https:\/\/www.deporteseli.com\/index.php?rest_route=%2Fwp%2Fv2%2Fproduct_brand&post=36303"},{"taxonomy":"product_cat","embeddable":true,"href":"https:\/\/www.deporteseli.com\/index.php?rest_route=%2Fwp%2Fv2%2Fproduct_cat&post=36303"},{"taxonomy":"product_tag","embeddable":true,"href":"https:\/\/www.deporteseli.com\/index.php?rest_route=%2Fwp%2Fv2%2Fproduct_tag&post=36303"}],"curies":[{"name":"wp","href":"https:\/\/api.w.org\/{rel}","templated":true}]}}