{"id":36301,"date":"2026-01-27T17:09:29","date_gmt":"2026-01-27T17:09:29","guid":{"rendered":"https:\/\/www.deporteseli.com\/?product=sudadera-adidas-marino-blanca"},"modified":"2026-01-27T17:09:30","modified_gmt":"2026-01-27T17:09:30","slug":"sudadera-adidas-marino-blanca","status":"publish","type":"product","link":"https:\/\/www.deporteseli.com\/?product=sudadera-adidas-marino-blanca","title":{"rendered":"SUDADERA ADIDAS MARINO-BLANCA"},"content":{"rendered":"<p>Sudadera con capucha azul para hombre de adidas. Modelo c\u00f3modo con bandas laterales y capucha con cord\u00f3n.      Lana  capucha  Estampado de logo  Composici\u00f3n: 100% Algod\u00f3n                                                                                                                                                                                                                                                                                                                                                                                                                                                                                                                                                                                                                                                                                                                                                                                                                                                                                                                                                                                                                                        <\/p>\n","protected":false},"excerpt":{"rendered":"<p>SUDADERA ADIDAS MARINO-BLANCA<\/p>\n","protected":false},"featured_media":50959,"template":"","meta":[],"product_brand":[],"product_cat":[253],"product_tag":[18],"class_list":{"0":"post-36301","1":"product","2":"type-product","3":"status-publish","4":"has-post-thumbnail","6":"product_cat-hombre_textil_sudaderas","7":"product_tag-adidas","8":"pa_color-unico","9":"pa_talla-m","10":"thunk-woo-product-list","11":"opn-qv-enable","12":"open-woo-hover-","13":"open-single-product-tab-horizontal","14":"open-shadow-","15":"open-shadow-hover-","17":"first","18":"instock","19":"shipping-taxable","20":"purchasable","21":"product-type-variable"},"jetpack_sharing_enabled":true,"_links":{"self":[{"href":"https:\/\/www.deporteseli.com\/index.php?rest_route=\/wp\/v2\/product\/36301","targetHints":{"allow":["GET"]}}],"collection":[{"href":"https:\/\/www.deporteseli.com\/index.php?rest_route=\/wp\/v2\/product"}],"about":[{"href":"https:\/\/www.deporteseli.com\/index.php?rest_route=\/wp\/v2\/types\/product"}],"wp:featuredmedia":[{"embeddable":true,"href":"https:\/\/www.deporteseli.com\/index.php?rest_route=\/wp\/v2\/media\/50959"}],"wp:attachment":[{"href":"https:\/\/www.deporteseli.com\/index.php?rest_route=%2Fwp%2Fv2%2Fmedia&parent=36301"}],"wp:term":[{"taxonomy":"product_brand","embeddable":true,"href":"https:\/\/www.deporteseli.com\/index.php?rest_route=%2Fwp%2Fv2%2Fproduct_brand&post=36301"},{"taxonomy":"product_cat","embeddable":true,"href":"https:\/\/www.deporteseli.com\/index.php?rest_route=%2Fwp%2Fv2%2Fproduct_cat&post=36301"},{"taxonomy":"product_tag","embeddable":true,"href":"https:\/\/www.deporteseli.com\/index.php?rest_route=%2Fwp%2Fv2%2Fproduct_tag&post=36301"}],"curies":[{"name":"wp","href":"https:\/\/api.w.org\/{rel}","templated":true}]}}