{"id":36299,"date":"2026-01-27T17:09:26","date_gmt":"2026-01-27T17:09:26","guid":{"rendered":"https:\/\/www.deporteseli.com\/?product=chaqueta-con-capucha-adidas-essentials-3-band"},"modified":"2026-01-27T17:09:27","modified_gmt":"2026-01-27T17:09:27","slug":"chaqueta-con-capucha-adidas-essentials-3-band","status":"publish","type":"product","link":"https:\/\/www.deporteseli.com\/?product=chaqueta-con-capucha-adidas-essentials-3-band","title":{"rendered":"CHAQUETA CON CAPUCHA ADIDAS ESSENTIALS 3 BAND"},"content":{"rendered":"<p>CHAQUETA CON CAPUCHA ADIDAS ESSENTIALS 3 BANDAS  APUESTA POR UN ESTILO AUT\u00c9NTICO  G\u00e1nale la batalla al fr\u00edo antes de salir de casa. Esta chaqueta con capucha para j\u00f3venes deportistas presenta un corte entallado que estiliza tu silueta. Los bolsillos laterales te permiten tener las llaves y el m\u00f3vil siempre a mano. Las 3 bandas en las mangas son el aut\u00e9ntico sello del genuino estilo de adidas.  DETALLES  Corte entallado  Cierre de cremallera y capucha  Felpa 53% algod\u00f3n \/ 36% poli\u00e9ster reciclado \/ 11% viscosa  Bolsillos laterales  Pu\u00f1os el\u00e1sticos  Color del art\u00edculo: Black \/ White  N\u00famero de art\u00edculo: GS2195                                                                                                                                                                                                                                                                                                                                                                                                                                                                                                                                                                                                                                                                                                                                                                                                                                                                                                                                                                                                                                        <\/p>\n","protected":false},"excerpt":{"rendered":"<p>CHAQUETA CON CAPUCHA ADIDAS ESSENTIALS 3 BAND<\/p>\n","protected":false},"featured_media":50954,"template":"","meta":[],"product_brand":[],"product_cat":[384],"product_tag":[18],"class_list":{"0":"post-36299","1":"product","2":"type-product","3":"status-publish","4":"has-post-thumbnail","6":"product_cat-ninas_textil_sudaderas","7":"product_tag-adidas","8":"pa_color-unico","9":"pa_talla-t-12","10":"thunk-woo-product-list","11":"opn-qv-enable","12":"open-woo-hover-","13":"open-single-product-tab-horizontal","14":"open-shadow-","15":"open-shadow-hover-","17":"first","18":"instock","19":"shipping-taxable","20":"purchasable","21":"product-type-variable"},"jetpack_sharing_enabled":true,"_links":{"self":[{"href":"https:\/\/www.deporteseli.com\/index.php?rest_route=\/wp\/v2\/product\/36299","targetHints":{"allow":["GET"]}}],"collection":[{"href":"https:\/\/www.deporteseli.com\/index.php?rest_route=\/wp\/v2\/product"}],"about":[{"href":"https:\/\/www.deporteseli.com\/index.php?rest_route=\/wp\/v2\/types\/product"}],"wp:featuredmedia":[{"embeddable":true,"href":"https:\/\/www.deporteseli.com\/index.php?rest_route=\/wp\/v2\/media\/50954"}],"wp:attachment":[{"href":"https:\/\/www.deporteseli.com\/index.php?rest_route=%2Fwp%2Fv2%2Fmedia&parent=36299"}],"wp:term":[{"taxonomy":"product_brand","embeddable":true,"href":"https:\/\/www.deporteseli.com\/index.php?rest_route=%2Fwp%2Fv2%2Fproduct_brand&post=36299"},{"taxonomy":"product_cat","embeddable":true,"href":"https:\/\/www.deporteseli.com\/index.php?rest_route=%2Fwp%2Fv2%2Fproduct_cat&post=36299"},{"taxonomy":"product_tag","embeddable":true,"href":"https:\/\/www.deporteseli.com\/index.php?rest_route=%2Fwp%2Fv2%2Fproduct_tag&post=36299"}],"curies":[{"name":"wp","href":"https:\/\/api.w.org\/{rel}","templated":true}]}}