{"id":36290,"date":"2026-01-27T17:09:14","date_gmt":"2026-01-27T17:09:14","guid":{"rendered":"https:\/\/www.deporteseli.com\/?product=chaqueta-con-capucha-adidas-colorblock"},"modified":"2026-01-27T17:09:19","modified_gmt":"2026-01-27T17:09:19","slug":"chaqueta-con-capucha-adidas-colorblock","status":"publish","type":"product","link":"https:\/\/www.deporteseli.com\/?product=chaqueta-con-capucha-adidas-colorblock","title":{"rendered":"CHAQUETA CON CAPUCHA ADIDAS COLORBLOCK"},"content":{"rendered":"<p>CHAQUETA CON CAPUCHA ADIDAS COLORBLOCK  ENTRENA C\u00d3MODO Y CON ESTILO  \u00bfEl entrenamiento se ha alargado? No pasa nada. Esta chaqueta con capucha para j\u00f3venes deportistas presenta un c\u00e1lido tejido de felpa que te protege del fr\u00edo cuando la temperatura cae en picado. Cuando est\u00e9s descansando, mete las manos en los bolsillos laterales para protegerlas de las r\u00e1fagas de viento.    Este producto se ha confeccionado con material reciclado como parte de nuestro compromiso por acabar con los residuos pl\u00e1sticos.  DETALLES  Corte cl\u00e1sico  Cierre de cremallera y capucha  Felpa 70% algod\u00f3n \/ 30% poli\u00e9ster reciclado  Bolsillos laterales  Pu\u00f1os y dobladillo de canal\u00e9  Color del art\u00edculo: Rose Tone \/ Vivid Red \/ White  N\u00famero de art\u00edculo: GS8881                                                                                                                                                                                                                                                                                                                                                                                                                                                                                                                                                                                                                                                                                                                                                                                                                                                                                                                                                                                                                                        <\/p>\n","protected":false},"excerpt":{"rendered":"<p>CHAQUETA CON CAPUCHA ADIDAS COLORBLOCK<\/p>\n","protected":false},"featured_media":50945,"template":"","meta":[],"product_brand":[],"product_cat":[384],"product_tag":[18],"class_list":{"0":"post-36290","1":"product","2":"type-product","3":"status-publish","4":"has-post-thumbnail","6":"product_cat-ninas_textil_sudaderas","7":"product_tag-adidas","8":"pa_color-unico","9":"pa_talla-t-12","10":"pa_talla-t-14","11":"pa_talla-t-16","12":"pa_talla-t-8","13":"thunk-woo-product-list","14":"opn-qv-enable","15":"open-woo-hover-","16":"open-single-product-tab-horizontal","17":"open-shadow-","18":"open-shadow-hover-","20":"first","21":"instock","22":"shipping-taxable","23":"purchasable","24":"product-type-variable"},"jetpack_sharing_enabled":true,"_links":{"self":[{"href":"https:\/\/www.deporteseli.com\/index.php?rest_route=\/wp\/v2\/product\/36290","targetHints":{"allow":["GET"]}}],"collection":[{"href":"https:\/\/www.deporteseli.com\/index.php?rest_route=\/wp\/v2\/product"}],"about":[{"href":"https:\/\/www.deporteseli.com\/index.php?rest_route=\/wp\/v2\/types\/product"}],"wp:featuredmedia":[{"embeddable":true,"href":"https:\/\/www.deporteseli.com\/index.php?rest_route=\/wp\/v2\/media\/50945"}],"wp:attachment":[{"href":"https:\/\/www.deporteseli.com\/index.php?rest_route=%2Fwp%2Fv2%2Fmedia&parent=36290"}],"wp:term":[{"taxonomy":"product_brand","embeddable":true,"href":"https:\/\/www.deporteseli.com\/index.php?rest_route=%2Fwp%2Fv2%2Fproduct_brand&post=36290"},{"taxonomy":"product_cat","embeddable":true,"href":"https:\/\/www.deporteseli.com\/index.php?rest_route=%2Fwp%2Fv2%2Fproduct_cat&post=36290"},{"taxonomy":"product_tag","embeddable":true,"href":"https:\/\/www.deporteseli.com\/index.php?rest_route=%2Fwp%2Fv2%2Fproduct_tag&post=36290"}],"curies":[{"name":"wp","href":"https:\/\/api.w.org\/{rel}","templated":true}]}}