{"id":36286,"date":"2026-01-27T17:09:09","date_gmt":"2026-01-27T17:09:09","guid":{"rendered":"https:\/\/www.deporteseli.com\/?product=espinilleras-adidas-predator-pro"},"modified":"2026-01-27T17:09:13","modified_gmt":"2026-01-27T17:09:13","slug":"espinilleras-adidas-predator-pro","status":"publish","type":"product","link":"https:\/\/www.deporteseli.com\/?product=espinilleras-adidas-predator-pro","title":{"rendered":"ESPINILLERAS ADIDAS PREDATOR PRO"},"content":{"rendered":"<p>Espinilleras adidas Predator Pro  El verdadero control s\u00f3lo se consigue con total confianza y sin distracciones. Por eso las suaves protecciones de estas espinilleras de adidas Predator Pro ofrecen un ajuste c\u00f3modo y ce\u00f1ido. Tambi\u00e9n es la raz\u00f3n por la que est\u00e1n dise\u00f1ados para endurecerse en el momento del impacto para defenderte del contacto en el campo de f\u00fatbol. Las espinas antideslizantes Demonskin 2.0 y el manguito de compresi\u00f3n integrado mantienen todo en su sitio, para que puedas centrarte en dominar los partidos.                                                                                                                                                                                                                                                                                                                                                                                                                                                                                                                                                                                                                                                                                                                                                                                                                                                                                                                                                                                                                                        <\/p>\n","protected":false},"excerpt":{"rendered":"<p>ESPINILLERAS ADIDAS PREDATOR PRO<\/p>\n","protected":false},"featured_media":50940,"template":"","meta":[],"product_brand":[],"product_cat":[324],"product_tag":[18],"class_list":{"0":"post-36286","1":"product","2":"type-product","3":"status-publish","4":"has-post-thumbnail","6":"product_cat-deportes_futbol_canilleras","7":"product_tag-adidas","8":"pa_color-unico","9":"pa_talla-l","10":"pa_talla-m","11":"pa_talla-s","12":"thunk-woo-product-list","13":"opn-qv-enable","14":"open-woo-hover-","15":"open-single-product-tab-horizontal","16":"open-shadow-","17":"open-shadow-hover-","19":"first","20":"instock","21":"sale","22":"shipping-taxable","23":"purchasable","24":"product-type-variable"},"jetpack_sharing_enabled":true,"_links":{"self":[{"href":"https:\/\/www.deporteseli.com\/index.php?rest_route=\/wp\/v2\/product\/36286","targetHints":{"allow":["GET"]}}],"collection":[{"href":"https:\/\/www.deporteseli.com\/index.php?rest_route=\/wp\/v2\/product"}],"about":[{"href":"https:\/\/www.deporteseli.com\/index.php?rest_route=\/wp\/v2\/types\/product"}],"wp:featuredmedia":[{"embeddable":true,"href":"https:\/\/www.deporteseli.com\/index.php?rest_route=\/wp\/v2\/media\/50940"}],"wp:attachment":[{"href":"https:\/\/www.deporteseli.com\/index.php?rest_route=%2Fwp%2Fv2%2Fmedia&parent=36286"}],"wp:term":[{"taxonomy":"product_brand","embeddable":true,"href":"https:\/\/www.deporteseli.com\/index.php?rest_route=%2Fwp%2Fv2%2Fproduct_brand&post=36286"},{"taxonomy":"product_cat","embeddable":true,"href":"https:\/\/www.deporteseli.com\/index.php?rest_route=%2Fwp%2Fv2%2Fproduct_cat&post=36286"},{"taxonomy":"product_tag","embeddable":true,"href":"https:\/\/www.deporteseli.com\/index.php?rest_route=%2Fwp%2Fv2%2Fproduct_tag&post=36286"}],"curies":[{"name":"wp","href":"https:\/\/api.w.org\/{rel}","templated":true}]}}