{"id":36271,"date":"2026-01-27T17:08:51","date_gmt":"2026-01-27T17:08:51","guid":{"rendered":"https:\/\/www.deporteseli.com\/?product=pant-ellesse-ashan"},"modified":"2026-01-27T17:08:52","modified_gmt":"2026-01-27T17:08:52","slug":"pant-ellesse-ashan","status":"publish","type":"product","link":"https:\/\/www.deporteseli.com\/?product=pant-ellesse-ashan","title":{"rendered":"PANT ELLESSE ASHAN"},"content":{"rendered":"<p>&#8211; Lo mejor para el estilo de vida  &#8211; Leggings con cinta lateral con el logo bordado de la marca &#8211; Talle  alto &#8211; Corte ce\u00f1ido &#8211; Cintura el\u00e1stica &#8211; Mezcla de algod\u00f3n &#8211; La modelo lleva un UK 8 y mide 176 cm de altura                                                                                                                                                                                                                                                                                                                                                                                                                                                                                                                                                                                                                                                                                                                                                                                                                                                                                                                                                                                                                                        <\/p>\n","protected":false},"excerpt":{"rendered":"<p>PANT ELLESSE ASHAN<\/p>\n","protected":false},"featured_media":50931,"template":"","meta":[],"product_brand":[],"product_cat":[281],"product_tag":[52],"class_list":{"0":"post-36271","1":"product","2":"type-product","3":"status-publish","4":"has-post-thumbnail","6":"product_cat-mujer_textil_mallas","7":"product_tag-ellesse","8":"pa_color-unico","9":"pa_talla-s","10":"thunk-woo-product-list","11":"opn-qv-enable","12":"open-woo-hover-","13":"open-single-product-tab-horizontal","14":"open-shadow-","15":"open-shadow-hover-","17":"first","18":"instock","19":"shipping-taxable","20":"purchasable","21":"product-type-variable"},"jetpack_sharing_enabled":true,"_links":{"self":[{"href":"https:\/\/www.deporteseli.com\/index.php?rest_route=\/wp\/v2\/product\/36271","targetHints":{"allow":["GET"]}}],"collection":[{"href":"https:\/\/www.deporteseli.com\/index.php?rest_route=\/wp\/v2\/product"}],"about":[{"href":"https:\/\/www.deporteseli.com\/index.php?rest_route=\/wp\/v2\/types\/product"}],"wp:featuredmedia":[{"embeddable":true,"href":"https:\/\/www.deporteseli.com\/index.php?rest_route=\/wp\/v2\/media\/50931"}],"wp:attachment":[{"href":"https:\/\/www.deporteseli.com\/index.php?rest_route=%2Fwp%2Fv2%2Fmedia&parent=36271"}],"wp:term":[{"taxonomy":"product_brand","embeddable":true,"href":"https:\/\/www.deporteseli.com\/index.php?rest_route=%2Fwp%2Fv2%2Fproduct_brand&post=36271"},{"taxonomy":"product_cat","embeddable":true,"href":"https:\/\/www.deporteseli.com\/index.php?rest_route=%2Fwp%2Fv2%2Fproduct_cat&post=36271"},{"taxonomy":"product_tag","embeddable":true,"href":"https:\/\/www.deporteseli.com\/index.php?rest_route=%2Fwp%2Fv2%2Fproduct_tag&post=36271"}],"curies":[{"name":"wp","href":"https:\/\/api.w.org\/{rel}","templated":true}]}}