{"id":36255,"date":"2026-01-27T17:08:31","date_gmt":"2026-01-27T17:08:31","guid":{"rendered":"https:\/\/www.deporteseli.com\/?product=sudadera-capucha-ellesse-gottero-gris-logo"},"modified":"2026-01-27T17:08:32","modified_gmt":"2026-01-27T17:08:32","slug":"sudadera-capucha-ellesse-gottero-gris-logo","status":"publish","type":"product","link":"https:\/\/www.deporteseli.com\/?product=sudadera-capucha-ellesse-gottero-gris-logo","title":{"rendered":"SUDADERA CAPUCHA ELLESSE GOTTERO GRIS LOGO"},"content":{"rendered":"<p>Ellesse  Color: gris  C\u00f3digo de producto: A01386  Ref.Prov: SHG07407  Composici\u00f3n.: 80% Algod\u00f3n 20% Poliester                                                                                                                                                                                                                                                                                                                                                                                                                                                                                                                                                                                                                                                                                                                                                                                                                                                                                                                                                                                                                                        <\/p>\n","protected":false},"excerpt":{"rendered":"<p>SUDADERA CAPUCHA ELLESSE GOTTERO GRIS LOGO<\/p>\n","protected":false},"featured_media":50914,"template":"","meta":[],"product_brand":[],"product_cat":[253],"product_tag":[52],"class_list":{"0":"post-36255","1":"product","2":"type-product","3":"status-publish","4":"has-post-thumbnail","6":"product_cat-hombre_textil_sudaderas","7":"product_tag-ellesse","8":"pa_color-unico","9":"pa_talla-xl","10":"thunk-woo-product-list","11":"opn-qv-enable","12":"open-woo-hover-","13":"open-single-product-tab-horizontal","14":"open-shadow-","15":"open-shadow-hover-","17":"first","18":"instock","19":"shipping-taxable","20":"purchasable","21":"product-type-variable"},"jetpack_sharing_enabled":true,"_links":{"self":[{"href":"https:\/\/www.deporteseli.com\/index.php?rest_route=\/wp\/v2\/product\/36255","targetHints":{"allow":["GET"]}}],"collection":[{"href":"https:\/\/www.deporteseli.com\/index.php?rest_route=\/wp\/v2\/product"}],"about":[{"href":"https:\/\/www.deporteseli.com\/index.php?rest_route=\/wp\/v2\/types\/product"}],"wp:featuredmedia":[{"embeddable":true,"href":"https:\/\/www.deporteseli.com\/index.php?rest_route=\/wp\/v2\/media\/50914"}],"wp:attachment":[{"href":"https:\/\/www.deporteseli.com\/index.php?rest_route=%2Fwp%2Fv2%2Fmedia&parent=36255"}],"wp:term":[{"taxonomy":"product_brand","embeddable":true,"href":"https:\/\/www.deporteseli.com\/index.php?rest_route=%2Fwp%2Fv2%2Fproduct_brand&post=36255"},{"taxonomy":"product_cat","embeddable":true,"href":"https:\/\/www.deporteseli.com\/index.php?rest_route=%2Fwp%2Fv2%2Fproduct_cat&post=36255"},{"taxonomy":"product_tag","embeddable":true,"href":"https:\/\/www.deporteseli.com\/index.php?rest_route=%2Fwp%2Fv2%2Fproduct_tag&post=36255"}],"curies":[{"name":"wp","href":"https:\/\/api.w.org\/{rel}","templated":true}]}}