{"id":36249,"date":"2026-01-27T17:08:22","date_gmt":"2026-01-27T17:08:22","guid":{"rendered":"https:\/\/www.deporteseli.com\/?product=ellesse-levan-bucket-sombrero"},"modified":"2026-01-27T17:08:23","modified_gmt":"2026-01-27T17:08:23","slug":"ellesse-levan-bucket-sombrero","status":"publish","type":"product","link":"https:\/\/www.deporteseli.com\/?product=ellesse-levan-bucket-sombrero","title":{"rendered":"ELLESSE LEVAN BUCKET SOMBRERO"},"content":{"rendered":"<p>SOMBRERO DE PESCADOR ELLESSE LEVAN  El sombrero de pescador Ellesse Levan no solo protege tu cabeza de las quemaduras solares, sino que tambi\u00e9n se ve muy elegante. Las fr\u00edas rayas crean el estilo t\u00edpico de Ellesse.  As\u00ed que sal al sol!      CARACTER\u00cdSTICAS  Art\u00edculo n\u00ba:  621720  Para:  Hombre  Mujer  Especificaciones del material:  100 % algod\u00f3n  Estampados:  logo estampado  Rayas  Sombrerer\u00eda:  Gorro de pescador  Caracter\u00edsticas  Sombrero de pescador de Ellesse  Logotipo bordado en la parte delantera  Detalles de rayas  Talla \u00fanica para todos                                                                                                                                                                                                                                                                                                                                                                                                                                                                                                                                                                                                                                                                                                                                                                                                                                                                                                                                                                                                                                        <\/p>\n","protected":false},"excerpt":{"rendered":"<p>ELLESSE LEVAN BUCKET SOMBRERO<\/p>\n","protected":false},"featured_media":50907,"template":"","meta":[],"product_brand":[],"product_cat":[399],"product_tag":[52],"class_list":{"0":"post-36249","1":"product","2":"type-product","3":"status-publish","4":"has-post-thumbnail","6":"product_cat-accesorios_gorras","7":"product_tag-ellesse","8":"pa_color-unico","9":"pa_talla-unica","10":"thunk-woo-product-list","11":"opn-qv-enable","12":"open-woo-hover-","13":"open-single-product-tab-horizontal","14":"open-shadow-","15":"open-shadow-hover-","17":"first","18":"instock","19":"shipping-taxable","20":"purchasable","21":"product-type-variable"},"jetpack_sharing_enabled":true,"_links":{"self":[{"href":"https:\/\/www.deporteseli.com\/index.php?rest_route=\/wp\/v2\/product\/36249","targetHints":{"allow":["GET"]}}],"collection":[{"href":"https:\/\/www.deporteseli.com\/index.php?rest_route=\/wp\/v2\/product"}],"about":[{"href":"https:\/\/www.deporteseli.com\/index.php?rest_route=\/wp\/v2\/types\/product"}],"wp:featuredmedia":[{"embeddable":true,"href":"https:\/\/www.deporteseli.com\/index.php?rest_route=\/wp\/v2\/media\/50907"}],"wp:attachment":[{"href":"https:\/\/www.deporteseli.com\/index.php?rest_route=%2Fwp%2Fv2%2Fmedia&parent=36249"}],"wp:term":[{"taxonomy":"product_brand","embeddable":true,"href":"https:\/\/www.deporteseli.com\/index.php?rest_route=%2Fwp%2Fv2%2Fproduct_brand&post=36249"},{"taxonomy":"product_cat","embeddable":true,"href":"https:\/\/www.deporteseli.com\/index.php?rest_route=%2Fwp%2Fv2%2Fproduct_cat&post=36249"},{"taxonomy":"product_tag","embeddable":true,"href":"https:\/\/www.deporteseli.com\/index.php?rest_route=%2Fwp%2Fv2%2Fproduct_tag&post=36249"}],"curies":[{"name":"wp","href":"https:\/\/api.w.org\/{rel}","templated":true}]}}