{"id":36239,"date":"2026-01-27T17:08:02","date_gmt":"2026-01-27T17:08:02","guid":{"rendered":"https:\/\/www.deporteseli.com\/?product=bermuda-ellesse-bossini-shs08748-bla"},"modified":"2026-01-27T17:08:05","modified_gmt":"2026-01-27T17:08:05","slug":"bermuda-ellesse-bossini-shs08748-bla","status":"publish","type":"product","link":"https:\/\/www.deporteseli.com\/?product=bermuda-ellesse-bossini-shs08748-bla","title":{"rendered":"BERMUDA ELLESSE BOSSINI SHS08748-BLA"},"content":{"rendered":"<p>Descripci\u00f3n del producto  Bermudas estilo casual con cord\u00f3n ajustable en la cintura. Bolsillos laterales, y estampado vertical de la marca. COMPOSICI\u00d3N: 80% Algod\u00f3n, 20% Poli\u00e9ster. LAVADO: Leer la etiqueta de producto.                                                                                                                                                                                                                                                                                                                                                                                                                                                                                                                                                                                                                                                                                                                                                                                                                                                                                                                                                                                                                                        <\/p>\n","protected":false},"excerpt":{"rendered":"<p>BERMUDA ELLESSE BOSSINI SHS08748-BLA<\/p>\n","protected":false},"featured_media":50897,"template":"","meta":[],"product_brand":[],"product_cat":[251],"product_tag":[52],"class_list":{"0":"post-36239","1":"product","2":"type-product","3":"status-publish","4":"has-post-thumbnail","6":"product_cat-hombre_textil_shorts","7":"product_tag-ellesse","8":"pa_color-unico","9":"pa_talla-m","10":"pa_talla-xl","11":"thunk-woo-product-list","12":"opn-qv-enable","13":"open-woo-hover-","14":"open-single-product-tab-horizontal","15":"open-shadow-","16":"open-shadow-hover-","18":"first","19":"instock","20":"shipping-taxable","21":"purchasable","22":"product-type-variable"},"jetpack_sharing_enabled":true,"_links":{"self":[{"href":"https:\/\/www.deporteseli.com\/index.php?rest_route=\/wp\/v2\/product\/36239","targetHints":{"allow":["GET"]}}],"collection":[{"href":"https:\/\/www.deporteseli.com\/index.php?rest_route=\/wp\/v2\/product"}],"about":[{"href":"https:\/\/www.deporteseli.com\/index.php?rest_route=\/wp\/v2\/types\/product"}],"wp:featuredmedia":[{"embeddable":true,"href":"https:\/\/www.deporteseli.com\/index.php?rest_route=\/wp\/v2\/media\/50897"}],"wp:attachment":[{"href":"https:\/\/www.deporteseli.com\/index.php?rest_route=%2Fwp%2Fv2%2Fmedia&parent=36239"}],"wp:term":[{"taxonomy":"product_brand","embeddable":true,"href":"https:\/\/www.deporteseli.com\/index.php?rest_route=%2Fwp%2Fv2%2Fproduct_brand&post=36239"},{"taxonomy":"product_cat","embeddable":true,"href":"https:\/\/www.deporteseli.com\/index.php?rest_route=%2Fwp%2Fv2%2Fproduct_cat&post=36239"},{"taxonomy":"product_tag","embeddable":true,"href":"https:\/\/www.deporteseli.com\/index.php?rest_route=%2Fwp%2Fv2%2Fproduct_tag&post=36239"}],"curies":[{"name":"wp","href":"https:\/\/api.w.org\/{rel}","templated":true}]}}