{"id":36234,"date":"2026-01-27T17:07:56","date_gmt":"2026-01-27T17:07:56","guid":{"rendered":"https:\/\/www.deporteseli.com\/?product=mallas-disenadas-con-2-movimientos-y-3-bandas-3"},"modified":"2026-01-27T17:08:01","modified_gmt":"2026-01-27T17:08:01","slug":"mallas-disenadas-con-2-movimientos-y-3-bandas-3","status":"publish","type":"product","link":"https:\/\/www.deporteseli.com\/?product=mallas-disenadas-con-2-movimientos-y-3-bandas-3","title":{"rendered":"MALLAS DISE\u00f1ADAS CON 2 MOVIMIENTOS Y 3 BANDAS"},"content":{"rendered":"<p>MALLAS DISE\u00d1ADAS CON 2 MOVIMIENTOS Y 3 BANDAS  MEDIAS DE USO DIARIO PARA MAYOR COMODIDAD MIENTRAS VIAJA.  Salga con comodidad vers\u00e1til con estas mallas adidas para j\u00f3venes. AEROREADY, que absorbe la humedad, te mantiene seco y el ajuste ce\u00f1ido te permite doblarte, estirarte y moverte a lo largo del d\u00eda con confianza. Este producto est\u00e1 elaborado con Primegreen, una serie de materiales reciclados de alto rendimiento.  ESPECIFICACIONES  Ajuste apretado  Cintura el\u00e1stica  Punto liso 91% poli\u00e9ster reciclado, 9% elastano  Suave y transpirable  A medio levantar  Absorbente de humedad  Jersey sencillo  Primegreen  Color del art\u00edculo: Team Real Magenta \/ Vivid Red  C\u00f3digo de producto: GS8901                                                                                                                                                                                                                                                                                                                                                                                                                                                                                                                                                                                                                                                                                                                                                                                                                                                                                                                                                                                                                                        <\/p>\n","protected":false},"excerpt":{"rendered":"<p>MALLAS DISE\u00f1ADAS CON 2 MOVIMIENTOS Y 3 BANDAS<\/p>\n","protected":false},"featured_media":50892,"template":"","meta":[],"product_brand":[],"product_cat":[386],"product_tag":[18],"class_list":{"0":"post-36234","1":"product","2":"type-product","3":"status-publish","4":"has-post-thumbnail","6":"product_cat-ninas_textil_mallas","7":"product_tag-adidas","8":"pa_color-unico","9":"pa_talla-t-12","10":"pa_talla-t-14","11":"pa_talla-t-16","12":"pa_talla-t-6","13":"thunk-woo-product-list","14":"opn-qv-enable","15":"open-woo-hover-","16":"open-single-product-tab-horizontal","17":"open-shadow-","18":"open-shadow-hover-","20":"first","21":"instock","22":"shipping-taxable","23":"purchasable","24":"product-type-variable"},"jetpack_sharing_enabled":true,"_links":{"self":[{"href":"https:\/\/www.deporteseli.com\/index.php?rest_route=\/wp\/v2\/product\/36234","targetHints":{"allow":["GET"]}}],"collection":[{"href":"https:\/\/www.deporteseli.com\/index.php?rest_route=\/wp\/v2\/product"}],"about":[{"href":"https:\/\/www.deporteseli.com\/index.php?rest_route=\/wp\/v2\/types\/product"}],"wp:featuredmedia":[{"embeddable":true,"href":"https:\/\/www.deporteseli.com\/index.php?rest_route=\/wp\/v2\/media\/50892"}],"wp:attachment":[{"href":"https:\/\/www.deporteseli.com\/index.php?rest_route=%2Fwp%2Fv2%2Fmedia&parent=36234"}],"wp:term":[{"taxonomy":"product_brand","embeddable":true,"href":"https:\/\/www.deporteseli.com\/index.php?rest_route=%2Fwp%2Fv2%2Fproduct_brand&post=36234"},{"taxonomy":"product_cat","embeddable":true,"href":"https:\/\/www.deporteseli.com\/index.php?rest_route=%2Fwp%2Fv2%2Fproduct_cat&post=36234"},{"taxonomy":"product_tag","embeddable":true,"href":"https:\/\/www.deporteseli.com\/index.php?rest_route=%2Fwp%2Fv2%2Fproduct_tag&post=36234"}],"curies":[{"name":"wp","href":"https:\/\/api.w.org\/{rel}","templated":true}]}}