{"id":36232,"date":"2026-01-27T17:07:53","date_gmt":"2026-01-27T17:07:53","guid":{"rendered":"https:\/\/www.deporteseli.com\/?product=pantalones-con-punos-ajustados-de-punto"},"modified":"2026-01-27T17:07:55","modified_gmt":"2026-01-27T17:07:55","slug":"pantalones-con-punos-ajustados-de-punto","status":"publish","type":"product","link":"https:\/\/www.deporteseli.com\/?product=pantalones-con-punos-ajustados-de-punto","title":{"rendered":"PANTALONES CON PU\u00f1OS AJUSTADOS DE PUNTO"},"content":{"rendered":"<p>PANTALONES CON PU\u00d1OS AJUSTADOS DE PUNTO SENCILLO ESSENTIALS  PANTALONES DE JERSEY DE TIRO MEDIO CON COMODIDAD QUE ABSORBE LA HUMEDAD.  Qu\u00e9date en la zona. Desde el hogar hasta el gimnasio o la calle, estos pantalones tapered de adidas saben c\u00f3mo mantenerte fresco y listo para cualquier cosa. AEROREADY absorbente de humedad significa comodidad seca sin importar qu\u00e9 tan r\u00e1pido vaya tu d\u00eda. Nuestros productos de algod\u00f3n apoyan el cultivo de algod\u00f3n sostenible. Este producto tambi\u00e9n se fabrica con contenido reciclado como parte de nuestra ambici\u00f3n de acabar con los residuos pl\u00e1sticos.  ESPECIFICACIONES  Ajuste c\u00f3nico regular  Cord\u00f3n de ajuste en cintura el\u00e1stica  Punto sencillo 70% algod\u00f3n, 30% poli\u00e9ster reciclado  Bolsillos laterales  Dobladillos con pu\u00f1os  A medio levantar  Importado  Color del producto: Legend Ink  C\u00f3digo de producto: GK9259                                                                                                                                                                                                                                                                                                                                                                                                                                                                                                                                                                                                                                                                                                                                                                                                                                                                                                                                                                                                                                        <\/p>\n","protected":false},"excerpt":{"rendered":"<p>PANTALONES CON PU\u00f1OS AJUSTADOS DE PUNTO<\/p>\n","protected":false},"featured_media":50887,"template":"","meta":[],"product_brand":[],"product_cat":[252],"product_tag":[18],"class_list":{"0":"post-36232","1":"product","2":"type-product","3":"status-publish","4":"has-post-thumbnail","6":"product_cat-hombre_textil_pantalones","7":"product_tag-adidas","8":"pa_color-unico","9":"pa_talla-s","10":"thunk-woo-product-list","11":"opn-qv-enable","12":"open-woo-hover-","13":"open-single-product-tab-horizontal","14":"open-shadow-","15":"open-shadow-hover-","17":"first","18":"instock","19":"shipping-taxable","20":"purchasable","21":"product-type-variable"},"jetpack_sharing_enabled":true,"_links":{"self":[{"href":"https:\/\/www.deporteseli.com\/index.php?rest_route=\/wp\/v2\/product\/36232","targetHints":{"allow":["GET"]}}],"collection":[{"href":"https:\/\/www.deporteseli.com\/index.php?rest_route=\/wp\/v2\/product"}],"about":[{"href":"https:\/\/www.deporteseli.com\/index.php?rest_route=\/wp\/v2\/types\/product"}],"wp:featuredmedia":[{"embeddable":true,"href":"https:\/\/www.deporteseli.com\/index.php?rest_route=\/wp\/v2\/media\/50887"}],"wp:attachment":[{"href":"https:\/\/www.deporteseli.com\/index.php?rest_route=%2Fwp%2Fv2%2Fmedia&parent=36232"}],"wp:term":[{"taxonomy":"product_brand","embeddable":true,"href":"https:\/\/www.deporteseli.com\/index.php?rest_route=%2Fwp%2Fv2%2Fproduct_brand&post=36232"},{"taxonomy":"product_cat","embeddable":true,"href":"https:\/\/www.deporteseli.com\/index.php?rest_route=%2Fwp%2Fv2%2Fproduct_cat&post=36232"},{"taxonomy":"product_tag","embeddable":true,"href":"https:\/\/www.deporteseli.com\/index.php?rest_route=%2Fwp%2Fv2%2Fproduct_tag&post=36232"}],"curies":[{"name":"wp","href":"https:\/\/api.w.org\/{rel}","templated":true}]}}