{"id":36221,"date":"2026-01-27T17:07:40","date_gmt":"2026-01-27T17:07:40","guid":{"rendered":"https:\/\/www.deporteseli.com\/?product=malla-puma-855992"},"modified":"2026-01-27T17:07:44","modified_gmt":"2026-01-27T17:07:44","slug":"malla-puma-855992","status":"publish","type":"product","link":"https:\/\/www.deporteseli.com\/?product=malla-puma-855992","title":{"rendered":"MALLA PUMA 855992"},"content":{"rendered":"<p>HISTORIA DEL PRODUCTO  Este fant\u00e1stico par de leggings ofrece un ajuste ce\u00f1ido, una pretina el\u00e1stica y est\u00e1 confeccionado con algod\u00f3n de la iniciativa Forever Better. Lo que eso significa es que su compra ayuda a apoyar un cultivo de algod\u00f3n m\u00e1s sostenible en todo el mundo. Para mayor estilo, hay un estampado de goma gr\u00e1fico y un logo de PUMA Cat con estampado met\u00e1lico.    CARACTER\u00cdSTICAS Y BENEFICIOS  Al comprar productos de algod\u00f3n de PUMA, est\u00e1 apoyando un cultivo de algod\u00f3n m\u00e1s sostenible. Obtenga m\u00e1s informaci\u00f3n en PUMA.COM\/FOREVERBETTER  DETALLES  Ajuste apretado  Longitud total  Fondo cerrado  Cintura el\u00e1stica  Impresi\u00f3n gr\u00e1fica de goma  Estampado met\u00e1lico del logo de PUMA Cat                                                                                                                                                                                                                                                                                                                                                                                                                                                                                                                                                                                                                                                                                                                                                                                                                                                                                                                                                                                                                                        <\/p>\n","protected":false},"excerpt":{"rendered":"<p>MALLA PUMA 855992<\/p>\n","protected":false},"featured_media":50881,"template":"","meta":[],"product_brand":[],"product_cat":[386],"product_tag":[32],"class_list":{"0":"post-36221","1":"product","2":"type-product","3":"status-publish","4":"has-post-thumbnail","6":"product_cat-ninas_textil_mallas","7":"product_tag-puma","8":"pa_color-unico","9":"pa_talla-t-10","10":"pa_talla-t-12","11":"pa_talla-t-14","12":"pa_talla-t-16","13":"thunk-woo-product-list","14":"opn-qv-enable","15":"open-woo-hover-","16":"open-single-product-tab-horizontal","17":"open-shadow-","18":"open-shadow-hover-","20":"first","21":"instock","22":"shipping-taxable","23":"purchasable","24":"product-type-variable"},"jetpack_sharing_enabled":true,"_links":{"self":[{"href":"https:\/\/www.deporteseli.com\/index.php?rest_route=\/wp\/v2\/product\/36221","targetHints":{"allow":["GET"]}}],"collection":[{"href":"https:\/\/www.deporteseli.com\/index.php?rest_route=\/wp\/v2\/product"}],"about":[{"href":"https:\/\/www.deporteseli.com\/index.php?rest_route=\/wp\/v2\/types\/product"}],"wp:featuredmedia":[{"embeddable":true,"href":"https:\/\/www.deporteseli.com\/index.php?rest_route=\/wp\/v2\/media\/50881"}],"wp:attachment":[{"href":"https:\/\/www.deporteseli.com\/index.php?rest_route=%2Fwp%2Fv2%2Fmedia&parent=36221"}],"wp:term":[{"taxonomy":"product_brand","embeddable":true,"href":"https:\/\/www.deporteseli.com\/index.php?rest_route=%2Fwp%2Fv2%2Fproduct_brand&post=36221"},{"taxonomy":"product_cat","embeddable":true,"href":"https:\/\/www.deporteseli.com\/index.php?rest_route=%2Fwp%2Fv2%2Fproduct_cat&post=36221"},{"taxonomy":"product_tag","embeddable":true,"href":"https:\/\/www.deporteseli.com\/index.php?rest_route=%2Fwp%2Fv2%2Fproduct_tag&post=36221"}],"curies":[{"name":"wp","href":"https:\/\/api.w.org\/{rel}","templated":true}]}}