{"id":36219,"date":"2026-01-27T17:07:37","date_gmt":"2026-01-27T17:07:37","guid":{"rendered":"https:\/\/www.deporteseli.com\/?product=sudadera-puma-nino-con-capucha-para-nino-blac"},"modified":"2026-01-27T17:07:39","modified_gmt":"2026-01-27T17:07:39","slug":"sudadera-puma-nino-con-capucha-para-nino-blac","status":"publish","type":"product","link":"https:\/\/www.deporteseli.com\/?product=sudadera-puma-nino-con-capucha-para-nino-blac","title":{"rendered":"SUDADERA PUMA NI\u00f1O CON CAPUCHA PARA NI\u00f1O BLAC"},"content":{"rendered":"<p>Sudadera ni\u00f1o Puma Power  Impresi\u00f3n en caucho del logotipo n\u00ba 1  Impresi\u00f3n gr\u00e1fica en toda la superficie con la marca denominativa repetida Puma  Capucha forrada de jersey  Pu\u00f1os y dobladillo acanalados  Bolsillo tipo canguro para una c\u00f3moda soluci\u00f3n de almacenamiento  Ajuste regular  Al comprar productos de algod\u00f3n en PUMA, est\u00e1s apoyando un cultivo de algod\u00f3n m\u00e1s sostenible a trav\u00e9s de la iniciativa Better Cotton. Para m\u00e1s informaci\u00f3n, visite bettercotton.org\/massbalance      Tejido principal 1: 67% algod\u00f3n BCI, 33% poli\u00e9ster &#8211; vell\u00f3n &#8211; 285,00 g\/m\u00b2 &#8211; estampado &#8211; mec\u00e1nico &#8211; cepillado                                                                                                                                                                                                                                                                                                                                                                                                                                                                                                                                                                                                                                                                                                                                                                                                                                                                                                                                                                                                                                        <\/p>\n","protected":false},"excerpt":{"rendered":"<p>SUDADERA PUMA NI\u00f1O CON CAPUCHA PARA NI\u00f1O BLAC<\/p>\n","protected":false},"featured_media":50879,"template":"","meta":[],"product_brand":[],"product_cat":[302],"product_tag":[32],"class_list":{"0":"post-36219","1":"product","2":"type-product","3":"status-publish","4":"has-post-thumbnail","6":"product_cat-nino_textil_sudaderas","7":"product_tag-puma","8":"pa_color-unico","9":"pa_talla-t-14","10":"thunk-woo-product-list","11":"opn-qv-enable","12":"open-woo-hover-","13":"open-single-product-tab-horizontal","14":"open-shadow-","15":"open-shadow-hover-","17":"first","18":"instock","19":"shipping-taxable","20":"purchasable","21":"product-type-variable"},"jetpack_sharing_enabled":true,"_links":{"self":[{"href":"https:\/\/www.deporteseli.com\/index.php?rest_route=\/wp\/v2\/product\/36219","targetHints":{"allow":["GET"]}}],"collection":[{"href":"https:\/\/www.deporteseli.com\/index.php?rest_route=\/wp\/v2\/product"}],"about":[{"href":"https:\/\/www.deporteseli.com\/index.php?rest_route=\/wp\/v2\/types\/product"}],"wp:featuredmedia":[{"embeddable":true,"href":"https:\/\/www.deporteseli.com\/index.php?rest_route=\/wp\/v2\/media\/50879"}],"wp:attachment":[{"href":"https:\/\/www.deporteseli.com\/index.php?rest_route=%2Fwp%2Fv2%2Fmedia&parent=36219"}],"wp:term":[{"taxonomy":"product_brand","embeddable":true,"href":"https:\/\/www.deporteseli.com\/index.php?rest_route=%2Fwp%2Fv2%2Fproduct_brand&post=36219"},{"taxonomy":"product_cat","embeddable":true,"href":"https:\/\/www.deporteseli.com\/index.php?rest_route=%2Fwp%2Fv2%2Fproduct_cat&post=36219"},{"taxonomy":"product_tag","embeddable":true,"href":"https:\/\/www.deporteseli.com\/index.php?rest_route=%2Fwp%2Fv2%2Fproduct_tag&post=36219"}],"curies":[{"name":"wp","href":"https:\/\/api.w.org\/{rel}","templated":true}]}}