{"id":36215,"date":"2026-01-27T17:07:32","date_gmt":"2026-01-27T17:07:32","guid":{"rendered":"https:\/\/www.deporteseli.com\/?product=leggings-puma-alpha-589236"},"modified":"2026-01-27T17:07:36","modified_gmt":"2026-01-27T17:07:36","slug":"leggings-puma-alpha-589236","status":"publish","type":"product","link":"https:\/\/www.deporteseli.com\/?product=leggings-puma-alpha-589236","title":{"rendered":"LEGGINGS PUMA ALPHA 589236"},"content":{"rendered":"<p>Descripci\u00f3n del producto  Estos leggings ciertamente no son para los t\u00edmidos. Con su llamativo estampado gr\u00e1fico de camuflaje con la marca PUMA Wordmark, est\u00e1n dise\u00f1ados para destacar. El ajuste es perfecto gracias a la cintura el\u00e1stica. Y para colmo, est\u00e1n hechos con algod\u00f3n de la Better Cotton Initiative, que ayuda a apoyar el cultivo de algod\u00f3n sostenible. Ajuste apretado. Cintura el\u00e1stica. Gr\u00e1fico impreso en toda la superficie. Estampado met\u00e1lico del logo de PUMA Cat. Advertencia de AOP: es posible que el producto con gr\u00e1ficos sobreimpresos no coincida exactamente con las im\u00e1genes. Use detergente para los colores. Lavar y planchar del rev\u00e9s. Lavar con colores similares. Exterior: 95% algod\u00f3n, 5% elastano.                                                                                                                                                                                                                                                                                                                                                                                                                                                                                                                                                                                                                                                                                                                                                                                                                                                                                                                                                                                                                                        <\/p>\n","protected":false},"excerpt":{"rendered":"<p>LEGGINGS PUMA ALPHA 589236<\/p>\n","protected":false},"featured_media":50877,"template":"","meta":[],"product_brand":[],"product_cat":[386],"product_tag":[32],"class_list":{"0":"post-36215","1":"product","2":"type-product","3":"status-publish","4":"has-post-thumbnail","6":"product_cat-ninas_textil_mallas","7":"product_tag-puma","8":"pa_color-unico","9":"pa_talla-t-12","10":"pa_talla-t-14","11":"pa_talla-t-16","12":"thunk-woo-product-list","13":"opn-qv-enable","14":"open-woo-hover-","15":"open-single-product-tab-horizontal","16":"open-shadow-","17":"open-shadow-hover-","19":"first","20":"instock","21":"shipping-taxable","22":"purchasable","23":"product-type-variable"},"jetpack_sharing_enabled":true,"_links":{"self":[{"href":"https:\/\/www.deporteseli.com\/index.php?rest_route=\/wp\/v2\/product\/36215","targetHints":{"allow":["GET"]}}],"collection":[{"href":"https:\/\/www.deporteseli.com\/index.php?rest_route=\/wp\/v2\/product"}],"about":[{"href":"https:\/\/www.deporteseli.com\/index.php?rest_route=\/wp\/v2\/types\/product"}],"wp:featuredmedia":[{"embeddable":true,"href":"https:\/\/www.deporteseli.com\/index.php?rest_route=\/wp\/v2\/media\/50877"}],"wp:attachment":[{"href":"https:\/\/www.deporteseli.com\/index.php?rest_route=%2Fwp%2Fv2%2Fmedia&parent=36215"}],"wp:term":[{"taxonomy":"product_brand","embeddable":true,"href":"https:\/\/www.deporteseli.com\/index.php?rest_route=%2Fwp%2Fv2%2Fproduct_brand&post=36215"},{"taxonomy":"product_cat","embeddable":true,"href":"https:\/\/www.deporteseli.com\/index.php?rest_route=%2Fwp%2Fv2%2Fproduct_cat&post=36215"},{"taxonomy":"product_tag","embeddable":true,"href":"https:\/\/www.deporteseli.com\/index.php?rest_route=%2Fwp%2Fv2%2Fproduct_tag&post=36215"}],"curies":[{"name":"wp","href":"https:\/\/api.w.org\/{rel}","templated":true}]}}