{"id":36208,"date":"2026-01-27T17:07:23","date_gmt":"2026-01-27T17:07:23","guid":{"rendered":"https:\/\/www.deporteseli.com\/?product=leggings-para-jovenes-power"},"modified":"2026-01-27T17:07:27","modified_gmt":"2026-01-27T17:07:27","slug":"leggings-para-jovenes-power","status":"publish","type":"product","link":"https:\/\/www.deporteseli.com\/?product=leggings-para-jovenes-power","title":{"rendered":"LEGGINGS PARA J\u00f3VENES POWER"},"content":{"rendered":"<p>HISTORIA DEL PRODUCTO  Perfecto para relajarse o hacer ejercicio, haga una declaraci\u00f3n en los leggings Power Youth de esta temporada con un llamativo gr\u00e1fico PUMA Wordmark estampado. Hecho de algod\u00f3n sostenible, con una pretina suave y un ajuste ce\u00f1ido que abraza tus curvas, no solo te ver\u00e1s bien, sino que tambi\u00e9n te sentir\u00e1s bien por ayudar a nuestro planeta.      CARACTER\u00cdSTICAS Y BENEFICIOS  Al comprar productos de algod\u00f3n de PUMA, est\u00e1 apoyando un cultivo de algod\u00f3n m\u00e1s sostenible. Obtenga m\u00e1s informaci\u00f3n en PUMA.COM\/FOREVERBETTER  DETALLES  Ajuste apretado  Longitud total  Cintura el\u00e1stica suave  Gr\u00e1fico PUMA Wordmark estampado en toda la prenda  Advertencia de AOP: es posible que el producto con gr\u00e1ficos sobreimpresos no coincida exactamente con las im\u00e1genes  Material de informaci\u00f3n  Exterior: 95% algod\u00f3n, 5% elastano                                                                                                                                                                                                                                                                                                                                                                                                                                                                                                                                                                                                                                                                                                                                                                                                                                                                                                                                                                                                                                        <\/p>\n","protected":false},"excerpt":{"rendered":"<p>LEGGINGS PARA J\u00f3VENES POWER<\/p>\n","protected":false},"featured_media":50873,"template":"","meta":[],"product_brand":[],"product_cat":[386],"product_tag":[32],"class_list":{"0":"post-36208","1":"product","2":"type-product","3":"status-publish","4":"has-post-thumbnail","6":"product_cat-ninas_textil_mallas","7":"product_tag-puma","8":"pa_color-unico","9":"pa_talla-t-10","10":"pa_talla-t-12","11":"pa_talla-t-16","12":"thunk-woo-product-list","13":"opn-qv-enable","14":"open-woo-hover-","15":"open-single-product-tab-horizontal","16":"open-shadow-","17":"open-shadow-hover-","19":"first","20":"instock","21":"shipping-taxable","22":"purchasable","23":"product-type-variable"},"jetpack_sharing_enabled":true,"_links":{"self":[{"href":"https:\/\/www.deporteseli.com\/index.php?rest_route=\/wp\/v2\/product\/36208","targetHints":{"allow":["GET"]}}],"collection":[{"href":"https:\/\/www.deporteseli.com\/index.php?rest_route=\/wp\/v2\/product"}],"about":[{"href":"https:\/\/www.deporteseli.com\/index.php?rest_route=\/wp\/v2\/types\/product"}],"wp:featuredmedia":[{"embeddable":true,"href":"https:\/\/www.deporteseli.com\/index.php?rest_route=\/wp\/v2\/media\/50873"}],"wp:attachment":[{"href":"https:\/\/www.deporteseli.com\/index.php?rest_route=%2Fwp%2Fv2%2Fmedia&parent=36208"}],"wp:term":[{"taxonomy":"product_brand","embeddable":true,"href":"https:\/\/www.deporteseli.com\/index.php?rest_route=%2Fwp%2Fv2%2Fproduct_brand&post=36208"},{"taxonomy":"product_cat","embeddable":true,"href":"https:\/\/www.deporteseli.com\/index.php?rest_route=%2Fwp%2Fv2%2Fproduct_cat&post=36208"},{"taxonomy":"product_tag","embeddable":true,"href":"https:\/\/www.deporteseli.com\/index.php?rest_route=%2Fwp%2Fv2%2Fproduct_tag&post=36208"}],"curies":[{"name":"wp","href":"https:\/\/api.w.org\/{rel}","templated":true}]}}