{"id":36201,"date":"2026-01-27T17:07:15","date_gmt":"2026-01-27T17:07:15","guid":{"rendered":"https:\/\/www.deporteseli.com\/?product=mallas-essentials-logo-juveniles"},"modified":"2026-01-27T17:07:22","modified_gmt":"2026-01-27T17:07:22","slug":"mallas-essentials-logo-juveniles","status":"publish","type":"product","link":"https:\/\/www.deporteseli.com\/?product=mallas-essentials-logo-juveniles","title":{"rendered":"MALLAS ESSENTIALS LOGO JUVENILES"},"content":{"rendered":"<p>HISTORIA DEL PRODUCTO  Esta es la prueba viviente de que lo c\u00f3modo puede tener estilo. As\u00ed, estas mallas se convertir\u00e1n r\u00e1pidamente en un b\u00e1sico de tu armario.  CARACTER\u00cdSTICAS   BENEFICIOS  BCI: Al comprar productos de algod\u00f3n de PUMA, apoyas una producci\u00f3n m\u00e1s sostenible de algod\u00f3n mediante la Iniciativa del Mejor Algod\u00f3n (Better Cotton Initiative). M\u00e1s informaci\u00f3n en: bettercotton.org\/massbalance  DETALLES  Corte ce\u00f1ido  Cinturilla el\u00e1stica  Estampado del logotipo PUMA N.\u00ba 1 de goma en la parte inferior de la pierna izquierda  Algod\u00f3n y elastano  Composici\u00f3n  Exterior: 95% Algod\u00f3n, 5% Elastano                                                                                                                                                                                                                                                                                                                                                                                                                                                                                                                                                                                                                                                                                                                                                                                                                                                                                                                                                                                                                                        <\/p>\n","protected":false},"excerpt":{"rendered":"<p>MALLAS ESSENTIALS LOGO JUVENILES<\/p>\n","protected":false},"featured_media":50871,"template":"","meta":[],"product_brand":[],"product_cat":[386],"product_tag":[32],"class_list":{"0":"post-36201","1":"product","2":"type-product","3":"status-publish","4":"has-post-thumbnail","6":"product_cat-ninas_textil_mallas","7":"product_tag-puma","8":"pa_color-unico","9":"pa_talla-t-10","10":"pa_talla-t-12","11":"pa_talla-t-14","12":"pa_talla-t-16","13":"pa_talla-t-6","14":"pa_talla-t-8","15":"thunk-woo-product-list","16":"opn-qv-enable","17":"open-woo-hover-","18":"open-single-product-tab-horizontal","19":"open-shadow-","20":"open-shadow-hover-","22":"first","23":"instock","24":"shipping-taxable","25":"purchasable","26":"product-type-variable"},"jetpack_sharing_enabled":true,"_links":{"self":[{"href":"https:\/\/www.deporteseli.com\/index.php?rest_route=\/wp\/v2\/product\/36201","targetHints":{"allow":["GET"]}}],"collection":[{"href":"https:\/\/www.deporteseli.com\/index.php?rest_route=\/wp\/v2\/product"}],"about":[{"href":"https:\/\/www.deporteseli.com\/index.php?rest_route=\/wp\/v2\/types\/product"}],"wp:featuredmedia":[{"embeddable":true,"href":"https:\/\/www.deporteseli.com\/index.php?rest_route=\/wp\/v2\/media\/50871"}],"wp:attachment":[{"href":"https:\/\/www.deporteseli.com\/index.php?rest_route=%2Fwp%2Fv2%2Fmedia&parent=36201"}],"wp:term":[{"taxonomy":"product_brand","embeddable":true,"href":"https:\/\/www.deporteseli.com\/index.php?rest_route=%2Fwp%2Fv2%2Fproduct_brand&post=36201"},{"taxonomy":"product_cat","embeddable":true,"href":"https:\/\/www.deporteseli.com\/index.php?rest_route=%2Fwp%2Fv2%2Fproduct_cat&post=36201"},{"taxonomy":"product_tag","embeddable":true,"href":"https:\/\/www.deporteseli.com\/index.php?rest_route=%2Fwp%2Fv2%2Fproduct_tag&post=36201"}],"curies":[{"name":"wp","href":"https:\/\/api.w.org\/{rel}","templated":true}]}}