{"id":36199,"date":"2026-01-27T17:07:13","date_gmt":"2026-01-27T17:07:13","guid":{"rendered":"https:\/\/www.deporteseli.com\/?product=camisa-puma-587029"},"modified":"2026-01-27T17:07:15","modified_gmt":"2026-01-27T17:07:15","slug":"camisa-puma-587029","status":"publish","type":"product","link":"https:\/\/www.deporteseli.com\/?product=camisa-puma-587029","title":{"rendered":"CAMISA PUMA 587029"},"content":{"rendered":"<p>Camiseta de ni\u00f1a PUMA    La camiseta PUMA est\u00e1 hecha de algod\u00f3n, lo que permite que la piel respire. Es c\u00f3modo y c\u00f3modo de llevar. Tiene un logo original en color negro. Pr\u00e1ctica camiseta para cada ocasi\u00f3n que se adapta perfectamente a la figura.    Informaci\u00f3n detallada:    Material: 100% algod\u00f3n,  El color blanco,  Color adicional: negro  Productor: PUMA,  logo negro en el medio de la camiseta,  escote redondeado,  hecho de algod\u00f3n,  el material suave al tacto garantiza la comodidad de uso,  modelo: Active Sports Graphic Tee puma   modelo: 587029                                                                                                                                                                                                                                                                                                                                                                                                                                                                                                                                                                                                                                                                                                                                                                                                                                                                                                                                                                                                                                        <\/p>\n","protected":false},"excerpt":{"rendered":"<p>CAMISA PUMA 587029<\/p>\n","protected":false},"featured_media":50869,"template":"","meta":[],"product_brand":[],"product_cat":[376],"product_tag":[32],"class_list":{"0":"post-36199","1":"product","2":"type-product","3":"status-publish","4":"has-post-thumbnail","6":"product_cat-ninas_textil_camisetas","7":"product_tag-puma","8":"pa_color-unico","9":"pa_talla-t-12","10":"thunk-woo-product-list","11":"opn-qv-enable","12":"open-woo-hover-","13":"open-single-product-tab-horizontal","14":"open-shadow-","15":"open-shadow-hover-","17":"first","18":"instock","19":"shipping-taxable","20":"purchasable","21":"product-type-variable"},"jetpack_sharing_enabled":true,"_links":{"self":[{"href":"https:\/\/www.deporteseli.com\/index.php?rest_route=\/wp\/v2\/product\/36199","targetHints":{"allow":["GET"]}}],"collection":[{"href":"https:\/\/www.deporteseli.com\/index.php?rest_route=\/wp\/v2\/product"}],"about":[{"href":"https:\/\/www.deporteseli.com\/index.php?rest_route=\/wp\/v2\/types\/product"}],"wp:featuredmedia":[{"embeddable":true,"href":"https:\/\/www.deporteseli.com\/index.php?rest_route=\/wp\/v2\/media\/50869"}],"wp:attachment":[{"href":"https:\/\/www.deporteseli.com\/index.php?rest_route=%2Fwp%2Fv2%2Fmedia&parent=36199"}],"wp:term":[{"taxonomy":"product_brand","embeddable":true,"href":"https:\/\/www.deporteseli.com\/index.php?rest_route=%2Fwp%2Fv2%2Fproduct_brand&post=36199"},{"taxonomy":"product_cat","embeddable":true,"href":"https:\/\/www.deporteseli.com\/index.php?rest_route=%2Fwp%2Fv2%2Fproduct_cat&post=36199"},{"taxonomy":"product_tag","embeddable":true,"href":"https:\/\/www.deporteseli.com\/index.php?rest_route=%2Fwp%2Fv2%2Fproduct_tag&post=36199"}],"curies":[{"name":"wp","href":"https:\/\/api.w.org\/{rel}","templated":true}]}}