{"id":36197,"date":"2026-01-27T17:07:11","date_gmt":"2026-01-27T17:07:11","guid":{"rendered":"https:\/\/www.deporteseli.com\/?product=leggings-puma-essential-586896-51"},"modified":"2026-01-27T17:07:12","modified_gmt":"2026-01-27T17:07:12","slug":"leggings-puma-essential-586896-51","status":"publish","type":"product","link":"https:\/\/www.deporteseli.com\/?product=leggings-puma-essential-586896-51","title":{"rendered":"LEGGINGS PUMA ESSENTIAL 586896-51"},"content":{"rendered":"<p>Descripci\u00f3n del producto  Con un corte que se ajusta a tu cuerpo desde las caderas hasta el tobillo, estos leggings largos proporcionan estilo y comodidad durante todo el d\u00eda. Dise\u00f1o de cintura alta para crear una silueta favorecedora y ofrecer gran comodidad durante el ejercicio. Logo de PUMA n.\u00ba 1 estampado con pigmentos en la pernera izquierda. Corte ajustado. Cintura el\u00e1stica. Fabricado con OEKO-TEX\u00aeStandard. Composici\u00f3n: 95% Algod\u00f3n, 5% Elastano Color: negro, dorado Descripci\u00f3n: Sabemos que cuando se trata de comodidad, los leggings no tienen rival. La colecci\u00f3n PUMA Essentials te ofrece un cl\u00e1sico de estilo atl\u00e9tico hecho de algod\u00f3n BCI de primera calidad, con una cinturilla el\u00e1stica y el ic\u00f3nico logo de PUMA en el tobillo.                                                                                                                                                                                                                                                                                                                                                                                                                                                                                                                                                                                                                                                                                                                                                                                                                                                                                                                                                                                                                                        <\/p>\n","protected":false},"excerpt":{"rendered":"<p>LEGGINGS PUMA ESSENTIAL 586896-51<\/p>\n","protected":false},"featured_media":50866,"template":"","meta":[],"product_brand":[],"product_cat":[281],"product_tag":[32],"class_list":{"0":"post-36197","1":"product","2":"type-product","3":"status-publish","4":"has-post-thumbnail","6":"product_cat-mujer_textil_mallas","7":"product_tag-puma","8":"pa_color-unico","9":"pa_talla-s","10":"thunk-woo-product-list","11":"opn-qv-enable","12":"open-woo-hover-","13":"open-single-product-tab-horizontal","14":"open-shadow-","15":"open-shadow-hover-","17":"first","18":"instock","19":"shipping-taxable","20":"purchasable","21":"product-type-variable"},"jetpack_sharing_enabled":true,"_links":{"self":[{"href":"https:\/\/www.deporteseli.com\/index.php?rest_route=\/wp\/v2\/product\/36197","targetHints":{"allow":["GET"]}}],"collection":[{"href":"https:\/\/www.deporteseli.com\/index.php?rest_route=\/wp\/v2\/product"}],"about":[{"href":"https:\/\/www.deporteseli.com\/index.php?rest_route=\/wp\/v2\/types\/product"}],"wp:featuredmedia":[{"embeddable":true,"href":"https:\/\/www.deporteseli.com\/index.php?rest_route=\/wp\/v2\/media\/50866"}],"wp:attachment":[{"href":"https:\/\/www.deporteseli.com\/index.php?rest_route=%2Fwp%2Fv2%2Fmedia&parent=36197"}],"wp:term":[{"taxonomy":"product_brand","embeddable":true,"href":"https:\/\/www.deporteseli.com\/index.php?rest_route=%2Fwp%2Fv2%2Fproduct_brand&post=36197"},{"taxonomy":"product_cat","embeddable":true,"href":"https:\/\/www.deporteseli.com\/index.php?rest_route=%2Fwp%2Fv2%2Fproduct_cat&post=36197"},{"taxonomy":"product_tag","embeddable":true,"href":"https:\/\/www.deporteseli.com\/index.php?rest_route=%2Fwp%2Fv2%2Fproduct_tag&post=36197"}],"curies":[{"name":"wp","href":"https:\/\/api.w.org\/{rel}","templated":true}]}}