{"id":36195,"date":"2026-01-27T17:07:08","date_gmt":"2026-01-27T17:07:08","guid":{"rendered":"https:\/\/www.deporteseli.com\/?product=camiseta-power-logo-para-mujer"},"modified":"2026-01-27T17:07:10","modified_gmt":"2026-01-27T17:07:10","slug":"camiseta-power-logo-para-mujer","status":"publish","type":"product","link":"https:\/\/www.deporteseli.com\/?product=camiseta-power-logo-para-mujer","title":{"rendered":"CAMISETA POWER LOGO PARA MUJER"},"content":{"rendered":"<p>HISTORIA DEL PRODUCTO  Renueve su guardarropa con la nueva camiseta para mujer Power Logo de PUMA, confeccionada con algod\u00f3n 100% sostenible para un estilo con el que puede sentirse bien. El corte sencillo y de l\u00edneas limpias es favorecedor y vers\u00e1til, y una selecci\u00f3n de llamativos logotipos estampados en goma estampados en el pecho le da un aire deportivo. \u00bfNo puedes decidir qu\u00e9 logo te gusta m\u00e1s? \u00bfPor qu\u00e9 no conseguir ambos?    CARACTER\u00cdSTICAS Y BENEFICIOS  Al comprar productos de algod\u00f3n de PUMA, est\u00e1 apoyando un cultivo de algod\u00f3n m\u00e1s sostenible. Obtenga m\u00e1s informaci\u00f3n en PUMA.COM\/FOREVERBETTER  DETALLES  Ajuste regular  Cuello redondo acanalado  Mangas cortas  Gr\u00e1fico estampado de goma en el pecho con la marca PUMA  Etiqueta peque\u00f1a en la manga izquierda con el logo PUMA Archive No. 1                                                                                                                                                                                                                                                                                                                                                                                                                                                                                                                                                                                                                                                                                                                                                                                                                                                                                                                                                                                                                                        <\/p>\n","protected":false},"excerpt":{"rendered":"<p>CAMISETA POWER LOGO PARA MUJER<\/p>\n","protected":false},"featured_media":50864,"template":"","meta":[],"product_brand":[],"product_cat":[269],"product_tag":[32],"class_list":{"0":"post-36195","1":"product","2":"type-product","3":"status-publish","4":"has-post-thumbnail","6":"product_cat-mujer_textil_camisetas","7":"product_tag-puma","8":"pa_color-unico","9":"pa_talla-m","10":"thunk-woo-product-list","11":"opn-qv-enable","12":"open-woo-hover-","13":"open-single-product-tab-horizontal","14":"open-shadow-","15":"open-shadow-hover-","17":"first","18":"instock","19":"shipping-taxable","20":"purchasable","21":"product-type-variable"},"jetpack_sharing_enabled":true,"_links":{"self":[{"href":"https:\/\/www.deporteseli.com\/index.php?rest_route=\/wp\/v2\/product\/36195","targetHints":{"allow":["GET"]}}],"collection":[{"href":"https:\/\/www.deporteseli.com\/index.php?rest_route=\/wp\/v2\/product"}],"about":[{"href":"https:\/\/www.deporteseli.com\/index.php?rest_route=\/wp\/v2\/types\/product"}],"wp:featuredmedia":[{"embeddable":true,"href":"https:\/\/www.deporteseli.com\/index.php?rest_route=\/wp\/v2\/media\/50864"}],"wp:attachment":[{"href":"https:\/\/www.deporteseli.com\/index.php?rest_route=%2Fwp%2Fv2%2Fmedia&parent=36195"}],"wp:term":[{"taxonomy":"product_brand","embeddable":true,"href":"https:\/\/www.deporteseli.com\/index.php?rest_route=%2Fwp%2Fv2%2Fproduct_brand&post=36195"},{"taxonomy":"product_cat","embeddable":true,"href":"https:\/\/www.deporteseli.com\/index.php?rest_route=%2Fwp%2Fv2%2Fproduct_cat&post=36195"},{"taxonomy":"product_tag","embeddable":true,"href":"https:\/\/www.deporteseli.com\/index.php?rest_route=%2Fwp%2Fv2%2Fproduct_tag&post=36195"}],"curies":[{"name":"wp","href":"https:\/\/api.w.org\/{rel}","templated":true}]}}