{"id":36189,"date":"2026-01-27T17:07:01","date_gmt":"2026-01-27T17:07:01","guid":{"rendered":"https:\/\/www.deporteseli.com\/?product=pantalon-jog-ellesse-w-albi"},"modified":"2026-01-27T17:07:02","modified_gmt":"2026-01-27T17:07:02","slug":"pantalon-jog-ellesse-w-albi","status":"publish","type":"product","link":"https:\/\/www.deporteseli.com\/?product=pantalon-jog-ellesse-w-albi","title":{"rendered":"PANTAL\u00f3N JOG ELLESSE W ALBI"},"content":{"rendered":"<p>Descripci\u00f3n  pu\u00f1os y cinturilla el\u00e1sticos para un ajuste optimizado y bolsillos de entrada laterales con ribete para almacenamiento adicional. Los pantalones de jogging se completan con nuestro estampado de plastisol caracter\u00edstico de ellesse en el muslo.  Tejido: vell\u00f3n de algod\u00f3n y poli\u00e9ster  Paneles de colores en bloque  Ajuste de gran tama\u00f1o  Pu\u00f1os y cinturilla el\u00e1sticos                                                                                                                                                                                                                                                                                                                                                                                                                                                                                                                                                                                                                                                                                                                                                                                                                                                                                                                                                                                                                                        <\/p>\n","protected":false},"excerpt":{"rendered":"<p>PANTAL\u00f3N JOG ELLESSE W ALBI<\/p>\n","protected":false},"featured_media":50856,"template":"","meta":[],"product_brand":[],"product_cat":[278],"product_tag":[52],"class_list":{"0":"post-36189","1":"product","2":"type-product","3":"status-publish","4":"has-post-thumbnail","6":"product_cat-mujer_textil_pantalones","7":"product_tag-ellesse","8":"pa_color-unico","9":"pa_talla-l","10":"thunk-woo-product-list","11":"opn-qv-enable","12":"open-woo-hover-","13":"open-single-product-tab-horizontal","14":"open-shadow-","15":"open-shadow-hover-","17":"first","18":"instock","19":"shipping-taxable","20":"purchasable","21":"product-type-variable"},"jetpack_sharing_enabled":true,"_links":{"self":[{"href":"https:\/\/www.deporteseli.com\/index.php?rest_route=\/wp\/v2\/product\/36189","targetHints":{"allow":["GET"]}}],"collection":[{"href":"https:\/\/www.deporteseli.com\/index.php?rest_route=\/wp\/v2\/product"}],"about":[{"href":"https:\/\/www.deporteseli.com\/index.php?rest_route=\/wp\/v2\/types\/product"}],"wp:featuredmedia":[{"embeddable":true,"href":"https:\/\/www.deporteseli.com\/index.php?rest_route=\/wp\/v2\/media\/50856"}],"wp:attachment":[{"href":"https:\/\/www.deporteseli.com\/index.php?rest_route=%2Fwp%2Fv2%2Fmedia&parent=36189"}],"wp:term":[{"taxonomy":"product_brand","embeddable":true,"href":"https:\/\/www.deporteseli.com\/index.php?rest_route=%2Fwp%2Fv2%2Fproduct_brand&post=36189"},{"taxonomy":"product_cat","embeddable":true,"href":"https:\/\/www.deporteseli.com\/index.php?rest_route=%2Fwp%2Fv2%2Fproduct_cat&post=36189"},{"taxonomy":"product_tag","embeddable":true,"href":"https:\/\/www.deporteseli.com\/index.php?rest_route=%2Fwp%2Fv2%2Fproduct_tag&post=36189"}],"curies":[{"name":"wp","href":"https:\/\/api.w.org\/{rel}","templated":true}]}}