{"id":36185,"date":"2026-01-27T17:06:56","date_gmt":"2026-01-27T17:06:56","guid":{"rendered":"https:\/\/www.deporteseli.com\/?product=camiseta-ellesse-camiseta-cropped-latus-marin"},"modified":"2026-01-27T17:06:57","modified_gmt":"2026-01-27T17:06:57","slug":"camiseta-ellesse-camiseta-cropped-latus-marin","status":"publish","type":"product","link":"https:\/\/www.deporteseli.com\/?product=camiseta-ellesse-camiseta-cropped-latus-marin","title":{"rendered":"CAMISETA ELLESSE CAMISETA CROPPED LATUS MARIN"},"content":{"rendered":"<p> El top corto de algod\u00f3n en un tono apagado representa la elecci\u00f3n perfecta para el verano! Estaba hecho de materiales suaves y agradables al tacto que garantizaban un uso c\u00f3modo durante todo el d\u00eda. Gracias a las mangas cortas y al escote redondeado, te sentir\u00e1s seguro y libre en cualquier situaci\u00f3n. La camiseta se caracteriza por un corte m\u00e1s corto, gracias al cual es extremadamente ligera y transpirable. El dise\u00f1o de color oscuro subraya el car\u00e1cter universal del modelo, mientras que el peque\u00f1o logo lo anima al menos un poco.    Material: 100% algod\u00f3n.                                                                                                                                                                                                                                                                                                                                                                                                                                                                                                                                                                                                                                                                                                                                                                                                                                                                                                                                                                                                                                        <\/p>\n","protected":false},"excerpt":{"rendered":"<p>CAMISETA ELLESSE CAMISETA CROPPED LATUS MARIN<\/p>\n","protected":false},"featured_media":50852,"template":"","meta":[],"product_brand":[],"product_cat":[269],"product_tag":[52],"class_list":{"0":"post-36185","1":"product","2":"type-product","3":"status-publish","4":"has-post-thumbnail","6":"product_cat-mujer_textil_camisetas","7":"product_tag-ellesse","8":"pa_color-unico","9":"pa_talla-m","10":"thunk-woo-product-list","11":"opn-qv-enable","12":"open-woo-hover-","13":"open-single-product-tab-horizontal","14":"open-shadow-","15":"open-shadow-hover-","17":"first","18":"instock","19":"shipping-taxable","20":"purchasable","21":"product-type-variable"},"jetpack_sharing_enabled":true,"_links":{"self":[{"href":"https:\/\/www.deporteseli.com\/index.php?rest_route=\/wp\/v2\/product\/36185","targetHints":{"allow":["GET"]}}],"collection":[{"href":"https:\/\/www.deporteseli.com\/index.php?rest_route=\/wp\/v2\/product"}],"about":[{"href":"https:\/\/www.deporteseli.com\/index.php?rest_route=\/wp\/v2\/types\/product"}],"wp:featuredmedia":[{"embeddable":true,"href":"https:\/\/www.deporteseli.com\/index.php?rest_route=\/wp\/v2\/media\/50852"}],"wp:attachment":[{"href":"https:\/\/www.deporteseli.com\/index.php?rest_route=%2Fwp%2Fv2%2Fmedia&parent=36185"}],"wp:term":[{"taxonomy":"product_brand","embeddable":true,"href":"https:\/\/www.deporteseli.com\/index.php?rest_route=%2Fwp%2Fv2%2Fproduct_brand&post=36185"},{"taxonomy":"product_cat","embeddable":true,"href":"https:\/\/www.deporteseli.com\/index.php?rest_route=%2Fwp%2Fv2%2Fproduct_cat&post=36185"},{"taxonomy":"product_tag","embeddable":true,"href":"https:\/\/www.deporteseli.com\/index.php?rest_route=%2Fwp%2Fv2%2Fproduct_tag&post=36185"}],"curies":[{"name":"wp","href":"https:\/\/api.w.org\/{rel}","templated":true}]}}