{"id":36175,"date":"2026-01-27T17:06:45","date_gmt":"2026-01-27T17:06:45","guid":{"rendered":"https:\/\/www.deporteseli.com\/?product=camiseta-essentials-big-logo-2"},"modified":"2026-01-27T17:06:46","modified_gmt":"2026-01-27T17:06:46","slug":"camiseta-essentials-big-logo-2","status":"publish","type":"product","link":"https:\/\/www.deporteseli.com\/?product=camiseta-essentials-big-logo-2","title":{"rendered":"CAMISETA ESSENTIALS BIG LOGO"},"content":{"rendered":"<p>CAMISETA ESSENTIALS BIG LOGO  ACTUALIZA TU ARMARIO CON ESTA CAMISETA CL\u00c1SICA  Actualiza tus b\u00e1sicos con esta camiseta. El gran logotipo de adidas en la parte frontal demuestra tu pasi\u00f3n por el deporte. Te alegrar\u00e1 saber que es una camiseta pensada para el d\u00eda a d\u00eda. No hay duda de que se convertir\u00e1 en tu favorita.    Nuestros productos de algod\u00f3n se han fabricado de forma sostenible y ayudan a acabar con los residuos pl\u00e1sticos.  DETALLES  Corte cl\u00e1sico  Cuello redondo  Punto 100% algod\u00f3n  Manga corta  Color del art\u00edculo: Medium Grey Heather \/ Black  N\u00famero de art\u00edculo: GK9123                                                                                                                                                                                                                                                                                                                                                                                                                                                                                                                                                                                                                                                                                                                                                                                                                                                                                                                                                                                                                                        <\/p>\n","protected":false},"excerpt":{"rendered":"<p>CAMISETA ESSENTIALS BIG LOGO<\/p>\n","protected":false},"featured_media":50842,"template":"","meta":[],"product_brand":[],"product_cat":[245],"product_tag":[18],"class_list":{"0":"post-36175","1":"product","2":"type-product","3":"status-publish","4":"has-post-thumbnail","6":"product_cat-hombre_textil_camisetas","7":"product_tag-adidas","8":"pa_color-unico","9":"pa_talla-s","10":"thunk-woo-product-list","11":"opn-qv-enable","12":"open-woo-hover-","13":"open-single-product-tab-horizontal","14":"open-shadow-","15":"open-shadow-hover-","17":"first","18":"instock","19":"shipping-taxable","20":"purchasable","21":"product-type-variable"},"jetpack_sharing_enabled":true,"_links":{"self":[{"href":"https:\/\/www.deporteseli.com\/index.php?rest_route=\/wp\/v2\/product\/36175","targetHints":{"allow":["GET"]}}],"collection":[{"href":"https:\/\/www.deporteseli.com\/index.php?rest_route=\/wp\/v2\/product"}],"about":[{"href":"https:\/\/www.deporteseli.com\/index.php?rest_route=\/wp\/v2\/types\/product"}],"wp:featuredmedia":[{"embeddable":true,"href":"https:\/\/www.deporteseli.com\/index.php?rest_route=\/wp\/v2\/media\/50842"}],"wp:attachment":[{"href":"https:\/\/www.deporteseli.com\/index.php?rest_route=%2Fwp%2Fv2%2Fmedia&parent=36175"}],"wp:term":[{"taxonomy":"product_brand","embeddable":true,"href":"https:\/\/www.deporteseli.com\/index.php?rest_route=%2Fwp%2Fv2%2Fproduct_brand&post=36175"},{"taxonomy":"product_cat","embeddable":true,"href":"https:\/\/www.deporteseli.com\/index.php?rest_route=%2Fwp%2Fv2%2Fproduct_cat&post=36175"},{"taxonomy":"product_tag","embeddable":true,"href":"https:\/\/www.deporteseli.com\/index.php?rest_route=%2Fwp%2Fv2%2Fproduct_tag&post=36175"}],"curies":[{"name":"wp","href":"https:\/\/api.w.org\/{rel}","templated":true}]}}