{"id":36169,"date":"2026-01-27T17:06:36","date_gmt":"2026-01-27T17:06:36","guid":{"rendered":"https:\/\/www.deporteseli.com\/?product=sudadera-kalmuko-nino"},"modified":"2026-01-27T17:06:40","modified_gmt":"2026-01-27T17:06:40","slug":"sudadera-kalmuko-nino","status":"publish","type":"product","link":"https:\/\/www.deporteseli.com\/?product=sudadera-kalmuko-nino","title":{"rendered":"SUDADERA KALMUKO NI\u00f1O"},"content":{"rendered":"<p>DESCRIPCI\u00d3N  COMPOSICI\u00d3N:    65% poli\u00e9ster-35% algod\u00f3n. T\/C fleece backside brushed.    DETALLES:    Sudadera con capucha integrada.    Bolsillos tipo canguro.    Pu\u00f1os y bajo el\u00e1sticos.                                                                                                                                                                                                                                                                                                                                                                                                                                                                                                                                                                                                                                                                                                                                                                                                                                                                                                                                                                                                                                        <\/p>\n","protected":false},"excerpt":{"rendered":"<p>SUDADERA KALMUKO NI\u00f1O<\/p>\n","protected":false},"featured_media":50837,"template":"","meta":[],"product_brand":[],"product_cat":[302],"product_tag":[43],"class_list":{"0":"post-36169","1":"product","2":"type-product","3":"status-publish","4":"has-post-thumbnail","6":"product_cat-nino_textil_sudaderas","7":"product_tag-jhon_smith","8":"pa_color-unico","9":"pa_talla-t-10","10":"pa_talla-t-12","11":"pa_talla-t-14","12":"thunk-woo-product-list","13":"opn-qv-enable","14":"open-woo-hover-","15":"open-single-product-tab-horizontal","16":"open-shadow-","17":"open-shadow-hover-","19":"first","20":"instock","21":"shipping-taxable","22":"purchasable","23":"product-type-variable"},"jetpack_sharing_enabled":true,"_links":{"self":[{"href":"https:\/\/www.deporteseli.com\/index.php?rest_route=\/wp\/v2\/product\/36169","targetHints":{"allow":["GET"]}}],"collection":[{"href":"https:\/\/www.deporteseli.com\/index.php?rest_route=\/wp\/v2\/product"}],"about":[{"href":"https:\/\/www.deporteseli.com\/index.php?rest_route=\/wp\/v2\/types\/product"}],"wp:featuredmedia":[{"embeddable":true,"href":"https:\/\/www.deporteseli.com\/index.php?rest_route=\/wp\/v2\/media\/50837"}],"wp:attachment":[{"href":"https:\/\/www.deporteseli.com\/index.php?rest_route=%2Fwp%2Fv2%2Fmedia&parent=36169"}],"wp:term":[{"taxonomy":"product_brand","embeddable":true,"href":"https:\/\/www.deporteseli.com\/index.php?rest_route=%2Fwp%2Fv2%2Fproduct_brand&post=36169"},{"taxonomy":"product_cat","embeddable":true,"href":"https:\/\/www.deporteseli.com\/index.php?rest_route=%2Fwp%2Fv2%2Fproduct_cat&post=36169"},{"taxonomy":"product_tag","embeddable":true,"href":"https:\/\/www.deporteseli.com\/index.php?rest_route=%2Fwp%2Fv2%2Fproduct_tag&post=36169"}],"curies":[{"name":"wp","href":"https:\/\/api.w.org\/{rel}","templated":true}]}}