{"id":36167,"date":"2026-01-27T17:06:34","date_gmt":"2026-01-27T17:06:34","guid":{"rendered":"https:\/\/www.deporteseli.com\/?product=chandal-kereko"},"modified":"2026-01-27T17:06:35","modified_gmt":"2026-01-27T17:06:35","slug":"chandal-kereko","status":"publish","type":"product","link":"https:\/\/www.deporteseli.com\/?product=chandal-kereko","title":{"rendered":"CHANDAL KEREKO"},"content":{"rendered":"<p>DESCRIPCI\u00d3N  COMPOSICI\u00d3N:    100% poli\u00e9ster. Interlock backside brushed.    DETALLES:    Chaqueta abierta con cremallera y capucha integrada.    Bolsillos tipo canguro.    Pu\u00f1os y bajo el\u00e1sticos.    Pantal\u00f3n con cintura el\u00e1stica ajustable con cord\u00f3n.    Bajo con pu\u00f1os.                                                                                                                                                                                                                                                                                                                                                                                                                                                                                                                                                                                                                                                                                                                                                                                                                                                                                                                                                                                                                                        <\/p>\n","protected":false},"excerpt":{"rendered":"<p>CHANDAL KEREKO<\/p>\n","protected":false},"featured_media":50834,"template":"","meta":[],"product_brand":[],"product_cat":[273],"product_tag":[43],"class_list":{"0":"post-36167","1":"product","2":"type-product","3":"status-publish","4":"has-post-thumbnail","6":"product_cat-mujer_textil_chandals","7":"product_tag-jhon_smith","8":"pa_color-unico","9":"pa_talla-t-12","10":"thunk-woo-product-list","11":"opn-qv-enable","12":"open-woo-hover-","13":"open-single-product-tab-horizontal","14":"open-shadow-","15":"open-shadow-hover-","17":"first","18":"instock","19":"shipping-taxable","20":"purchasable","21":"product-type-variable"},"jetpack_sharing_enabled":true,"_links":{"self":[{"href":"https:\/\/www.deporteseli.com\/index.php?rest_route=\/wp\/v2\/product\/36167","targetHints":{"allow":["GET"]}}],"collection":[{"href":"https:\/\/www.deporteseli.com\/index.php?rest_route=\/wp\/v2\/product"}],"about":[{"href":"https:\/\/www.deporteseli.com\/index.php?rest_route=\/wp\/v2\/types\/product"}],"wp:featuredmedia":[{"embeddable":true,"href":"https:\/\/www.deporteseli.com\/index.php?rest_route=\/wp\/v2\/media\/50834"}],"wp:attachment":[{"href":"https:\/\/www.deporteseli.com\/index.php?rest_route=%2Fwp%2Fv2%2Fmedia&parent=36167"}],"wp:term":[{"taxonomy":"product_brand","embeddable":true,"href":"https:\/\/www.deporteseli.com\/index.php?rest_route=%2Fwp%2Fv2%2Fproduct_brand&post=36167"},{"taxonomy":"product_cat","embeddable":true,"href":"https:\/\/www.deporteseli.com\/index.php?rest_route=%2Fwp%2Fv2%2Fproduct_cat&post=36167"},{"taxonomy":"product_tag","embeddable":true,"href":"https:\/\/www.deporteseli.com\/index.php?rest_route=%2Fwp%2Fv2%2Fproduct_tag&post=36167"}],"curies":[{"name":"wp","href":"https:\/\/api.w.org\/{rel}","templated":true}]}}