{"id":36161,"date":"2026-01-27T17:06:27","date_gmt":"2026-01-27T17:06:27","guid":{"rendered":"https:\/\/www.deporteseli.com\/?product=chandal-ubaque"},"modified":"2026-01-27T17:06:28","modified_gmt":"2026-01-27T17:06:28","slug":"chandal-ubaque","status":"publish","type":"product","link":"https:\/\/www.deporteseli.com\/?product=chandal-ubaque","title":{"rendered":"CHANDAL UBAQUE"},"content":{"rendered":"<p>DESCRIPCI\u00d3N  COMPOSICION:    100% poli\u00e9ster. Tricot.    DETALLES:    Chaqueta abierta.    Bajos y pu\u00f1os el\u00e1sticos.    Pantal\u00f3n sin pu\u00f1os.    Cintura ajustable con cord\u00f3n.                                                                                                                                                                                                                                                                                                                                                                                                                                                                                                                                                                                                                                                                                                                                                                                                                                                                                                                                                                                                                                        <\/p>\n","protected":false},"excerpt":{"rendered":"<p>CHANDAL UBAQUE<\/p>\n","protected":false},"featured_media":50823,"template":"","meta":[],"product_brand":[],"product_cat":[248],"product_tag":[43],"class_list":{"0":"post-36161","1":"product","2":"type-product","3":"status-publish","4":"has-post-thumbnail","6":"product_cat-hombre_textil_chandals","7":"product_tag-jhon_smith","8":"pa_color-unico","9":"pa_talla-s","10":"thunk-woo-product-list","11":"opn-qv-enable","12":"open-woo-hover-","13":"open-single-product-tab-horizontal","14":"open-shadow-","15":"open-shadow-hover-","17":"first","18":"instock","19":"shipping-taxable","20":"purchasable","21":"product-type-variable"},"jetpack_sharing_enabled":true,"_links":{"self":[{"href":"https:\/\/www.deporteseli.com\/index.php?rest_route=\/wp\/v2\/product\/36161","targetHints":{"allow":["GET"]}}],"collection":[{"href":"https:\/\/www.deporteseli.com\/index.php?rest_route=\/wp\/v2\/product"}],"about":[{"href":"https:\/\/www.deporteseli.com\/index.php?rest_route=\/wp\/v2\/types\/product"}],"wp:featuredmedia":[{"embeddable":true,"href":"https:\/\/www.deporteseli.com\/index.php?rest_route=\/wp\/v2\/media\/50823"}],"wp:attachment":[{"href":"https:\/\/www.deporteseli.com\/index.php?rest_route=%2Fwp%2Fv2%2Fmedia&parent=36161"}],"wp:term":[{"taxonomy":"product_brand","embeddable":true,"href":"https:\/\/www.deporteseli.com\/index.php?rest_route=%2Fwp%2Fv2%2Fproduct_brand&post=36161"},{"taxonomy":"product_cat","embeddable":true,"href":"https:\/\/www.deporteseli.com\/index.php?rest_route=%2Fwp%2Fv2%2Fproduct_cat&post=36161"},{"taxonomy":"product_tag","embeddable":true,"href":"https:\/\/www.deporteseli.com\/index.php?rest_route=%2Fwp%2Fv2%2Fproduct_tag&post=36161"}],"curies":[{"name":"wp","href":"https:\/\/api.w.org\/{rel}","templated":true}]}}