{"id":36145,"date":"2026-01-27T17:06:09","date_gmt":"2026-01-27T17:06:09","guid":{"rendered":"https:\/\/www.deporteseli.com\/?product=sujetador-deportivo-urban-negro"},"modified":"2026-01-27T17:06:13","modified_gmt":"2026-01-27T17:06:13","slug":"sujetador-deportivo-urban-negro","status":"publish","type":"product","link":"https:\/\/www.deporteseli.com\/?product=sujetador-deportivo-urban-negro","title":{"rendered":"SUJETADOR DEPORTIVO URBAN NEGRO"},"content":{"rendered":"<p>Fila Sujetador Deportivo Urban negro    Descripci\u00f3n:    Sujetador deportivo b\u00e1sico en color negro.  Cuello redondo y tirantes.  Cinta el\u00e1stica con logotipo Fila.    Composici\u00f3n  95% algod\u00f3n, 5% elastano  Peso: 160g                                                                                                                                                                                                                                                                                                                                                                                                                                                                                                                                                                                                                                                                                                                                                                                                                                                                                                                                                                                                                                        <\/p>\n","protected":false},"excerpt":{"rendered":"<p>SUJETADOR DEPORTIVO URBAN NEGRO<\/p>\n","protected":false},"featured_media":50809,"template":"","meta":[],"product_brand":[],"product_cat":[275],"product_tag":[46],"class_list":{"0":"post-36145","1":"product","2":"type-product","3":"status-publish","4":"has-post-thumbnail","6":"product_cat-mujer_textil_top","7":"product_tag-fila","8":"pa_color-unico","9":"pa_talla-l","10":"pa_talla-m","11":"pa_talla-s","12":"thunk-woo-product-list","13":"opn-qv-enable","14":"open-woo-hover-","15":"open-single-product-tab-horizontal","16":"open-shadow-","17":"open-shadow-hover-","19":"first","20":"instock","21":"shipping-taxable","22":"purchasable","23":"product-type-variable"},"jetpack_sharing_enabled":true,"_links":{"self":[{"href":"https:\/\/www.deporteseli.com\/index.php?rest_route=\/wp\/v2\/product\/36145","targetHints":{"allow":["GET"]}}],"collection":[{"href":"https:\/\/www.deporteseli.com\/index.php?rest_route=\/wp\/v2\/product"}],"about":[{"href":"https:\/\/www.deporteseli.com\/index.php?rest_route=\/wp\/v2\/types\/product"}],"wp:featuredmedia":[{"embeddable":true,"href":"https:\/\/www.deporteseli.com\/index.php?rest_route=\/wp\/v2\/media\/50809"}],"wp:attachment":[{"href":"https:\/\/www.deporteseli.com\/index.php?rest_route=%2Fwp%2Fv2%2Fmedia&parent=36145"}],"wp:term":[{"taxonomy":"product_brand","embeddable":true,"href":"https:\/\/www.deporteseli.com\/index.php?rest_route=%2Fwp%2Fv2%2Fproduct_brand&post=36145"},{"taxonomy":"product_cat","embeddable":true,"href":"https:\/\/www.deporteseli.com\/index.php?rest_route=%2Fwp%2Fv2%2Fproduct_cat&post=36145"},{"taxonomy":"product_tag","embeddable":true,"href":"https:\/\/www.deporteseli.com\/index.php?rest_route=%2Fwp%2Fv2%2Fproduct_tag&post=36145"}],"curies":[{"name":"wp","href":"https:\/\/api.w.org\/{rel}","templated":true}]}}