{"id":36142,"date":"2026-01-27T17:06:06","date_gmt":"2026-01-27T17:06:06","guid":{"rendered":"https:\/\/www.deporteseli.com\/?product=calcetines-fila-ghost-3-pack-blanco"},"modified":"2026-01-27T17:06:08","modified_gmt":"2026-01-27T17:06:08","slug":"calcetines-fila-ghost-3-pack-blanco","status":"publish","type":"product","link":"https:\/\/www.deporteseli.com\/?product=calcetines-fila-ghost-3-pack-blanco","title":{"rendered":"CALCETINES FILA \u2013 GHOST 3 PACK BLANCO"},"content":{"rendered":"<p>Hecho de material 70% algod\u00f3n, 27% poli\u00e9ster y 3% elastano.  Logotipo de la marca Fila en la parte delantera.  70% algod\u00f3n, 27% poli\u00e9ster, 3% elastano                                                                                                                                                                                                                                                                                                                                                                                                                                                                                                                                                                                                                                                                                                                                                                                                                                                                                                                                                                                                                                        <\/p>\n","protected":false},"excerpt":{"rendered":"<p>CALCETINES FILA \u2013 GHOST 3 PACK BLANCO<\/p>\n","protected":false},"featured_media":50808,"template":"","meta":[],"product_brand":[],"product_cat":[400],"product_tag":[46],"class_list":{"0":"post-36142","1":"product","2":"type-product","3":"status-publish","4":"has-post-thumbnail","6":"product_cat-accesorios_calcetines","7":"product_tag-fila","8":"pa_color-unico","9":"pa_talla-35-38","10":"pa_talla-39-42","11":"thunk-woo-product-list","12":"opn-qv-enable","13":"open-woo-hover-","14":"open-single-product-tab-horizontal","15":"open-shadow-","16":"open-shadow-hover-","18":"first","19":"instock","20":"shipping-taxable","21":"purchasable","22":"product-type-variable"},"jetpack_sharing_enabled":true,"_links":{"self":[{"href":"https:\/\/www.deporteseli.com\/index.php?rest_route=\/wp\/v2\/product\/36142","targetHints":{"allow":["GET"]}}],"collection":[{"href":"https:\/\/www.deporteseli.com\/index.php?rest_route=\/wp\/v2\/product"}],"about":[{"href":"https:\/\/www.deporteseli.com\/index.php?rest_route=\/wp\/v2\/types\/product"}],"wp:featuredmedia":[{"embeddable":true,"href":"https:\/\/www.deporteseli.com\/index.php?rest_route=\/wp\/v2\/media\/50808"}],"wp:attachment":[{"href":"https:\/\/www.deporteseli.com\/index.php?rest_route=%2Fwp%2Fv2%2Fmedia&parent=36142"}],"wp:term":[{"taxonomy":"product_brand","embeddable":true,"href":"https:\/\/www.deporteseli.com\/index.php?rest_route=%2Fwp%2Fv2%2Fproduct_brand&post=36142"},{"taxonomy":"product_cat","embeddable":true,"href":"https:\/\/www.deporteseli.com\/index.php?rest_route=%2Fwp%2Fv2%2Fproduct_cat&post=36142"},{"taxonomy":"product_tag","embeddable":true,"href":"https:\/\/www.deporteseli.com\/index.php?rest_route=%2Fwp%2Fv2%2Fproduct_tag&post=36142"}],"curies":[{"name":"wp","href":"https:\/\/api.w.org\/{rel}","templated":true}]}}