{"id":36134,"date":"2026-01-27T17:05:57","date_gmt":"2026-01-27T17:05:57","guid":{"rendered":"https:\/\/www.deporteseli.com\/?product=camiseta-adidas-essentials-3"},"modified":"2026-01-27T17:06:01","modified_gmt":"2026-01-27T17:06:01","slug":"camiseta-adidas-essentials-3","status":"publish","type":"product","link":"https:\/\/www.deporteseli.com\/?product=camiseta-adidas-essentials-3","title":{"rendered":"CAMISETA ADIDAS ESSENTIALS"},"content":{"rendered":"<p>CAMISETA ADIDAS ESSENTIALS  ESTILO CL\u00c1SICO PARA CADA D\u00cdA  La soluci\u00f3n m\u00e1s sencilla siempre es la mejor. Esta camiseta adidas para j\u00f3venes deportistas combina con todo tu armario. \u00bfAlguna prenda da m\u00e1s? Luce un gran logotipo adidas como prueba de tu pasi\u00f3n por el deporte.    Nuestros productos de algod\u00f3n se han fabricado de forma sostenible. Es una de nuestras iniciativas para alcanzar nuestro objetivo de reducir los residuos pl\u00e1sticos.  DETALLES  Corte entallado  Cuello redondo de canal\u00e9  Punto 100% algod\u00f3n  Manga corta  Color del art\u00edculo: Clear Pink \/ White  N\u00famero de art\u00edculo: GS0187                                                                                                                                                                                                                                                                                                                                                                                                                                                                                                                                                                                                                                                                                                                                                                                                                                                                                                                                                                                                                                        <\/p>\n","protected":false},"excerpt":{"rendered":"<p>CAMISETA ADIDAS ESSENTIALS<\/p>\n","protected":false},"featured_media":50805,"template":"","meta":[],"product_brand":[],"product_cat":[376],"product_tag":[18],"class_list":{"0":"post-36134","1":"product","2":"type-product","3":"status-publish","4":"has-post-thumbnail","6":"product_cat-ninas_textil_camisetas","7":"product_tag-adidas","8":"pa_color-unico","9":"pa_talla-t-12","10":"pa_talla-t-14","11":"pa_talla-t-6","12":"pa_talla-t-8","13":"thunk-woo-product-list","14":"opn-qv-enable","15":"open-woo-hover-","16":"open-single-product-tab-horizontal","17":"open-shadow-","18":"open-shadow-hover-","20":"first","21":"instock","22":"shipping-taxable","23":"purchasable","24":"product-type-variable"},"jetpack_sharing_enabled":true,"_links":{"self":[{"href":"https:\/\/www.deporteseli.com\/index.php?rest_route=\/wp\/v2\/product\/36134","targetHints":{"allow":["GET"]}}],"collection":[{"href":"https:\/\/www.deporteseli.com\/index.php?rest_route=\/wp\/v2\/product"}],"about":[{"href":"https:\/\/www.deporteseli.com\/index.php?rest_route=\/wp\/v2\/types\/product"}],"wp:featuredmedia":[{"embeddable":true,"href":"https:\/\/www.deporteseli.com\/index.php?rest_route=\/wp\/v2\/media\/50805"}],"wp:attachment":[{"href":"https:\/\/www.deporteseli.com\/index.php?rest_route=%2Fwp%2Fv2%2Fmedia&parent=36134"}],"wp:term":[{"taxonomy":"product_brand","embeddable":true,"href":"https:\/\/www.deporteseli.com\/index.php?rest_route=%2Fwp%2Fv2%2Fproduct_brand&post=36134"},{"taxonomy":"product_cat","embeddable":true,"href":"https:\/\/www.deporteseli.com\/index.php?rest_route=%2Fwp%2Fv2%2Fproduct_cat&post=36134"},{"taxonomy":"product_tag","embeddable":true,"href":"https:\/\/www.deporteseli.com\/index.php?rest_route=%2Fwp%2Fv2%2Fproduct_tag&post=36134"}],"curies":[{"name":"wp","href":"https:\/\/api.w.org\/{rel}","templated":true}]}}