{"id":36126,"date":"2026-01-27T17:05:46","date_gmt":"2026-01-27T17:05:46","guid":{"rendered":"https:\/\/www.deporteseli.com\/?product=chandal-j-smith-majagual-nina-2"},"modified":"2026-01-27T17:05:52","modified_gmt":"2026-01-27T17:05:52","slug":"chandal-j-smith-majagual-nina-2","status":"publish","type":"product","link":"https:\/\/www.deporteseli.com\/?product=chandal-j-smith-majagual-nina-2","title":{"rendered":"CHANDAL J.SMITH MAJAGUAL NI\u00f1A"},"content":{"rendered":"<p>Ch\u00e1ndal  de algod\u00f3n, compuesto por sudadera color salm\u00f3n con capucha y pantal\u00f3n.  Chaqueta y pantal\u00f3n tipo malla.     C\u00f3digo producto: MAJAGUAL FUXIA    65%poliester    34%algodon    3%elastano                                                                                                                                                                                                                                                                                                                                                                                                                                                                                                                                                                                                                                                                                                                                                                                                                                                                                                                                                                                                                                        <\/p>\n","protected":false},"excerpt":{"rendered":"<p>CHANDAL J.SMITH MAJAGUAL NI\u00f1A<\/p>\n","protected":false},"featured_media":50802,"template":"","meta":[],"product_brand":[],"product_cat":[380],"product_tag":[43],"class_list":{"0":"post-36126","1":"product","2":"type-product","3":"status-publish","4":"has-post-thumbnail","6":"product_cat-ninas_textil_chandals","7":"product_tag-jhon_smith","8":"pa_color-unico","9":"pa_talla-t-12","10":"pa_talla-t-14","11":"pa_talla-t-16","12":"thunk-woo-product-list","13":"opn-qv-enable","14":"open-woo-hover-","15":"open-single-product-tab-horizontal","16":"open-shadow-","17":"open-shadow-hover-","19":"first","20":"instock","21":"shipping-taxable","22":"purchasable","23":"product-type-variable"},"jetpack_sharing_enabled":true,"_links":{"self":[{"href":"https:\/\/www.deporteseli.com\/index.php?rest_route=\/wp\/v2\/product\/36126","targetHints":{"allow":["GET"]}}],"collection":[{"href":"https:\/\/www.deporteseli.com\/index.php?rest_route=\/wp\/v2\/product"}],"about":[{"href":"https:\/\/www.deporteseli.com\/index.php?rest_route=\/wp\/v2\/types\/product"}],"wp:featuredmedia":[{"embeddable":true,"href":"https:\/\/www.deporteseli.com\/index.php?rest_route=\/wp\/v2\/media\/50802"}],"wp:attachment":[{"href":"https:\/\/www.deporteseli.com\/index.php?rest_route=%2Fwp%2Fv2%2Fmedia&parent=36126"}],"wp:term":[{"taxonomy":"product_brand","embeddable":true,"href":"https:\/\/www.deporteseli.com\/index.php?rest_route=%2Fwp%2Fv2%2Fproduct_brand&post=36126"},{"taxonomy":"product_cat","embeddable":true,"href":"https:\/\/www.deporteseli.com\/index.php?rest_route=%2Fwp%2Fv2%2Fproduct_cat&post=36126"},{"taxonomy":"product_tag","embeddable":true,"href":"https:\/\/www.deporteseli.com\/index.php?rest_route=%2Fwp%2Fv2%2Fproduct_tag&post=36126"}],"curies":[{"name":"wp","href":"https:\/\/api.w.org\/{rel}","templated":true}]}}