{"id":36119,"date":"2026-01-27T17:05:35","date_gmt":"2026-01-27T17:05:35","guid":{"rendered":"https:\/\/www.deporteseli.com\/?product=nike-da2778-004-en-gris"},"modified":"2026-02-12T19:18:09","modified_gmt":"2026-02-12T19:18:09","slug":"nike-da2778-004-en-gris","status":"publish","type":"product","link":"https:\/\/www.deporteseli.com\/?product=nike-da2778-004-en-gris","title":{"rendered":"NIKE DA2778-004 EN GRIS"},"content":{"rendered":"<p>Dise\u00f1o para un look sport. La durabilidad y comodidad en el calzado para ni\u00f1o de te sorprender\u00e1n. El exterior de textil del modelo da2778-004 proporciona la protecci\u00f3n de cualquier pie y el color gris aporta versatilidad para el d\u00eda a d\u00eda.                                                                                                                                                                                                                                                                                                                                                                                                                                                                                                                                                                                                                                                                                                                                                                                                                                                                                                                                                                                                                                        <\/p>\n","protected":false},"excerpt":{"rendered":"<p>NIKE DA2778-004 EN GRIS<\/p>\n","protected":false},"featured_media":50795,"template":"","meta":[],"product_brand":[],"product_cat":[237],"product_tag":[37],"class_list":{"0":"post-36119","1":"product","2":"type-product","3":"status-publish","4":"has-post-thumbnail","6":"product_cat-outlet_calzado","7":"product_tag-nike","8":"pa_color-unico","9":"pa_talla-t-21","10":"thunk-woo-product-list","11":"opn-qv-enable","12":"open-woo-hover-","13":"open-single-product-tab-horizontal","14":"open-shadow-","15":"open-shadow-hover-","17":"first","18":"instock","19":"shipping-taxable","20":"purchasable","21":"product-type-variable"},"jetpack_sharing_enabled":true,"_links":{"self":[{"href":"https:\/\/www.deporteseli.com\/index.php?rest_route=\/wp\/v2\/product\/36119","targetHints":{"allow":["GET"]}}],"collection":[{"href":"https:\/\/www.deporteseli.com\/index.php?rest_route=\/wp\/v2\/product"}],"about":[{"href":"https:\/\/www.deporteseli.com\/index.php?rest_route=\/wp\/v2\/types\/product"}],"wp:featuredmedia":[{"embeddable":true,"href":"https:\/\/www.deporteseli.com\/index.php?rest_route=\/wp\/v2\/media\/50795"}],"wp:attachment":[{"href":"https:\/\/www.deporteseli.com\/index.php?rest_route=%2Fwp%2Fv2%2Fmedia&parent=36119"}],"wp:term":[{"taxonomy":"product_brand","embeddable":true,"href":"https:\/\/www.deporteseli.com\/index.php?rest_route=%2Fwp%2Fv2%2Fproduct_brand&post=36119"},{"taxonomy":"product_cat","embeddable":true,"href":"https:\/\/www.deporteseli.com\/index.php?rest_route=%2Fwp%2Fv2%2Fproduct_cat&post=36119"},{"taxonomy":"product_tag","embeddable":true,"href":"https:\/\/www.deporteseli.com\/index.php?rest_route=%2Fwp%2Fv2%2Fproduct_tag&post=36119"}],"curies":[{"name":"wp","href":"https:\/\/api.w.org\/{rel}","templated":true}]}}