{"id":36117,"date":"2026-01-27T17:05:32","date_gmt":"2026-01-27T17:05:32","guid":{"rendered":"https:\/\/www.deporteseli.com\/?product=top-de-nike-para-nina"},"modified":"2026-01-27T17:05:34","modified_gmt":"2026-01-27T17:05:34","slug":"top-de-nike-para-nina","status":"publish","type":"product","link":"https:\/\/www.deporteseli.com\/?product=top-de-nike-para-nina","title":{"rendered":"TOP DE NIKE PARA NI\u00f1A"},"content":{"rendered":"<p>Descripci\u00f3n del producto  El sujetador deportivo Nike Swoosh est\u00e1 dise\u00f1ado con la comodidad en mente. La tecnolog\u00eda Dri-FIT mantiene la transpirabilidad y el contorno el\u00e1stico del pecho brinda sujeci\u00f3n, para as\u00ed facilitar la concentraci\u00f3n en el partido. Tecnolog\u00eda Dri-FIT para mantener la transpirabilidad y la comodidad. El contorno el\u00e1stico del pecho ofrece un ajuste ce\u00f1ido y firme. Dise\u00f1o con dos capas para proporcionar una protecci\u00f3n y una comodidad totales. Costuras planas suaves al contacto con la piel. 83% POLYESTER 17% SPANDEX.                                                                                                                                                                                                                                                                                                                                                                                                                                                                                                                                                                                                                                                                                                                                                                                                                                                                                                                                                                                                                                        <\/p>\n","protected":false},"excerpt":{"rendered":"<p>TOP DE NIKE PARA NI\u00f1A<\/p>\n","protected":false},"featured_media":50792,"template":"","meta":[],"product_brand":[],"product_cat":[376],"product_tag":[37],"class_list":{"0":"post-36117","1":"product","2":"type-product","3":"status-publish","4":"has-post-thumbnail","6":"product_cat-ninas_textil_camisetas","7":"product_tag-nike","8":"pa_color-unico","9":"pa_talla-xl","10":"thunk-woo-product-list","11":"opn-qv-enable","12":"open-woo-hover-","13":"open-single-product-tab-horizontal","14":"open-shadow-","15":"open-shadow-hover-","17":"first","18":"instock","19":"shipping-taxable","20":"purchasable","21":"product-type-variable"},"jetpack_sharing_enabled":true,"_links":{"self":[{"href":"https:\/\/www.deporteseli.com\/index.php?rest_route=\/wp\/v2\/product\/36117","targetHints":{"allow":["GET"]}}],"collection":[{"href":"https:\/\/www.deporteseli.com\/index.php?rest_route=\/wp\/v2\/product"}],"about":[{"href":"https:\/\/www.deporteseli.com\/index.php?rest_route=\/wp\/v2\/types\/product"}],"wp:featuredmedia":[{"embeddable":true,"href":"https:\/\/www.deporteseli.com\/index.php?rest_route=\/wp\/v2\/media\/50792"}],"wp:attachment":[{"href":"https:\/\/www.deporteseli.com\/index.php?rest_route=%2Fwp%2Fv2%2Fmedia&parent=36117"}],"wp:term":[{"taxonomy":"product_brand","embeddable":true,"href":"https:\/\/www.deporteseli.com\/index.php?rest_route=%2Fwp%2Fv2%2Fproduct_brand&post=36117"},{"taxonomy":"product_cat","embeddable":true,"href":"https:\/\/www.deporteseli.com\/index.php?rest_route=%2Fwp%2Fv2%2Fproduct_cat&post=36117"},{"taxonomy":"product_tag","embeddable":true,"href":"https:\/\/www.deporteseli.com\/index.php?rest_route=%2Fwp%2Fv2%2Fproduct_tag&post=36117"}],"curies":[{"name":"wp","href":"https:\/\/api.w.org\/{rel}","templated":true}]}}