{"id":36115,"date":"2026-01-27T17:05:29","date_gmt":"2026-01-27T17:05:29","guid":{"rendered":"https:\/\/www.deporteseli.com\/?product=gorra-nike-u-h86-cap-metal-swoosh"},"modified":"2026-02-25T05:17:48","modified_gmt":"2026-02-25T05:17:48","slug":"gorra-nike-u-h86-cap-metal-swoosh","status":"publish","type":"product","link":"https:\/\/www.deporteseli.com\/?product=gorra-nike-u-h86-cap-metal-swoosh","title":{"rendered":"GORRA NIKE U H86 CAP METAL SWOOSH"},"content":{"rendered":"<p>Gorra Nike Metal Swoosh H86 Heritage 86 943092-010 &#8211; negro     Ventajas:  &#8211; Producto original, nuevo, con etiquetas  &#8211; Dise\u00f1o de seis paneles con cinta en el interior  &#8211; Agujeros bordados para una mayor ventilaci\u00f3n  &#8211; Cierre regulable para un ajuste personalizable  Detalles del producto:  &#8211; Tejido: 100 % poli\u00e9ster reciclado                                                                                                                                                                                                                                                                                                                                                                                                                                                                                                                                                                                                                                                                                                                                                                                                                                                                                                                                                                                                                                        <\/p>\n","protected":false},"excerpt":{"rendered":"<p>GORRA NIKE U H86 CAP METAL SWOOSH<\/p>\n","protected":false},"featured_media":50790,"template":"","meta":[],"product_brand":[],"product_cat":[399],"product_tag":[37],"class_list":{"0":"post-36115","1":"product","2":"type-product","3":"status-publish","4":"has-post-thumbnail","6":"product_cat-accesorios_gorras","7":"product_tag-nike","8":"pa_color-unico","9":"pa_talla-unica","10":"thunk-woo-product-list","11":"opn-qv-enable","12":"open-woo-hover-","13":"open-single-product-tab-horizontal","14":"open-shadow-","15":"open-shadow-hover-","17":"first","18":"instock","19":"shipping-taxable","20":"purchasable","21":"product-type-variable"},"jetpack_sharing_enabled":true,"_links":{"self":[{"href":"https:\/\/www.deporteseli.com\/index.php?rest_route=\/wp\/v2\/product\/36115","targetHints":{"allow":["GET"]}}],"collection":[{"href":"https:\/\/www.deporteseli.com\/index.php?rest_route=\/wp\/v2\/product"}],"about":[{"href":"https:\/\/www.deporteseli.com\/index.php?rest_route=\/wp\/v2\/types\/product"}],"wp:featuredmedia":[{"embeddable":true,"href":"https:\/\/www.deporteseli.com\/index.php?rest_route=\/wp\/v2\/media\/50790"}],"wp:attachment":[{"href":"https:\/\/www.deporteseli.com\/index.php?rest_route=%2Fwp%2Fv2%2Fmedia&parent=36115"}],"wp:term":[{"taxonomy":"product_brand","embeddable":true,"href":"https:\/\/www.deporteseli.com\/index.php?rest_route=%2Fwp%2Fv2%2Fproduct_brand&post=36115"},{"taxonomy":"product_cat","embeddable":true,"href":"https:\/\/www.deporteseli.com\/index.php?rest_route=%2Fwp%2Fv2%2Fproduct_cat&post=36115"},{"taxonomy":"product_tag","embeddable":true,"href":"https:\/\/www.deporteseli.com\/index.php?rest_route=%2Fwp%2Fv2%2Fproduct_tag&post=36115"}],"curies":[{"name":"wp","href":"https:\/\/api.w.org\/{rel}","templated":true}]}}